{"id":471,"date":"2025-08-25T18:01:55","date_gmt":"2025-08-25T16:01:55","guid":{"rendered":"https:\/\/tienda.360armonico.com\/?post_type=product&#038;p=471"},"modified":"2025-12-10T13:03:51","modified_gmt":"2025-12-10T12:03:51","slug":"kit-solidos-arquimedianos","status":"publish","type":"product","link":"https:\/\/tienda.360armonico.com\/index.php\/producto\/kit-solidos-arquimedianos\/","title":{"rendered":"Kit S\u00f3lidos Arquimedianos"},"content":{"rendered":"<p>Este Kit viene con las piezas de los S\u00f3lidos Arquimedianos del tama\u00f1o elegido y las fichas de cada figura con su meditaci\u00f3n espec\u00edfica.<\/p>\n","protected":false},"excerpt":{"rendered":"<p>Este Kit contiene:<\/p>\n<ul>\n<li>Tetraedro Truncado<\/li>\n<li>Hexaedro Truncado<\/li>\n<li>Octaedro Truncado<\/li>\n<li>Icosaedro Truncado<\/li>\n<li>Dodecaedro Truncado<\/li>\n<li>Cubo Romo<\/li>\n<li>Cuboctaedro<\/li>\n<li>Rombo Cuboctaedro<\/li>\n<li>Cuboctaedro Truncado<\/li>\n<li>Icosidodecadro<\/li>\n<li>Dodecaedro Romo<\/li>\n<li>Rombicosidodecaedro<\/li>\n<li>Icosidodecaedro Truncado<\/li>\n<\/ul>\n","protected":false},"featured_media":754,"comment_status":"open","ping_status":"closed","template":"","meta":{"_acf_changed":false},"product_brand":[],"product_cat":[73,43],"product_tag":[],"class_list":{"0":"post-471","1":"product","2":"type-product","3":"status-publish","4":"has-post-thumbnail","6":"product_cat-kit","7":"product_cat-solidos-arquimedianos","8":"product_shipping_class-estandar-653","10":"first","11":"instock","12":"taxable","13":"shipping-taxable","14":"purchasable","15":"product-type-variable"},"acf":[],"_links":{"self":[{"href":"https:\/\/tienda.360armonico.com\/index.php\/wp-json\/wp\/v2\/product\/471","targetHints":{"allow":["GET"]}}],"collection":[{"href":"https:\/\/tienda.360armonico.com\/index.php\/wp-json\/wp\/v2\/product"}],"about":[{"href":"https:\/\/tienda.360armonico.com\/index.php\/wp-json\/wp\/v2\/types\/product"}],"replies":[{"embeddable":true,"href":"https:\/\/tienda.360armonico.com\/index.php\/wp-json\/wp\/v2\/comments?post=471"}],"wp:featuredmedia":[{"embeddable":true,"href":"https:\/\/tienda.360armonico.com\/index.php\/wp-json\/wp\/v2\/media\/754"}],"wp:attachment":[{"href":"https:\/\/tienda.360armonico.com\/index.php\/wp-json\/wp\/v2\/media?parent=471"}],"wp:term":[{"taxonomy":"product_brand","embeddable":true,"href":"https:\/\/tienda.360armonico.com\/index.php\/wp-json\/wp\/v2\/product_brand?post=471"},{"taxonomy":"product_cat","embeddable":true,"href":"https:\/\/tienda.360armonico.com\/index.php\/wp-json\/wp\/v2\/product_cat?post=471"},{"taxonomy":"product_tag","embeddable":true,"href":"https:\/\/tienda.360armonico.com\/index.php\/wp-json\/wp\/v2\/product_tag?post=471"}],"curies":[{"name":"wp","href":"https:\/\/api.w.org\/{rel}","templated":true}]}}