{"id":467,"date":"2025-08-25T18:01:54","date_gmt":"2025-08-25T16:01:54","guid":{"rendered":"https:\/\/tienda.360armonico.com\/?post_type=product&#038;p=467"},"modified":"2026-02-23T17:34:20","modified_gmt":"2026-02-23T16:34:20","slug":"metatron-pieza-unica","status":"publish","type":"product","link":"https:\/\/tienda.360armonico.com\/index.php\/producto\/metatron-pieza-unica\/","title":{"rendered":"Metatron &#8211; Pieza \u00danica"},"content":{"rendered":"<p>Figura \u00fanica de 20 cm\u00a0 con ficha t\u00e9cnica + Protocolo de protecci\u00f3n.<\/p>\n","protected":false},"excerpt":{"rendered":"<p>Esta pieza <strong>\u00fanica<\/strong> del Cubo Metatron es un patr\u00f3n geom\u00e9trico que deriva de la Flor de la Vida, y durante miles de a\u00f1os se ha utilizado como protector. Se puede utilizar esta Geometr\u00eda para potenciar Geometr\u00eda, Minerales, y otras figuras que quieras aumentar su vibraci\u00f3n. Adem\u00e1s de esta aplicaci\u00f3n, tambi\u00e9n se puede utilizar para armonizar alguna estancia de tu hogar, y gracias a la Meditaci\u00f3n, que se incluye en la ficha, puedes trabajar de una manera m\u00e1s profunda el entendimiento de tu tr\u00e1nsito por la vida, muerte y regeneraci\u00f3n.<\/p>\n","protected":false},"featured_media":1286,"comment_status":"open","ping_status":"closed","template":"","meta":{"_acf_changed":false},"product_brand":[],"product_cat":[21,24,30,31,72,32,33],"product_tag":[],"class_list":{"0":"post-467","1":"product","2":"type-product","3":"status-publish","4":"has-post-thumbnail","6":"product_cat-comprension","7":"product_cat-elemento-fuego","8":"product_cat-geometria","9":"product_cat-geometria-sagrada","10":"product_cat-hogar","11":"product_cat-sentido-de-vida","12":"product_cat-transmutacion","13":"product_shipping_class-estandar-plus-848","15":"first","16":"instock","17":"downloadable","18":"taxable","19":"shipping-taxable","20":"purchasable","21":"product-type-simple"},"acf":[],"_links":{"self":[{"href":"https:\/\/tienda.360armonico.com\/index.php\/wp-json\/wp\/v2\/product\/467","targetHints":{"allow":["GET"]}}],"collection":[{"href":"https:\/\/tienda.360armonico.com\/index.php\/wp-json\/wp\/v2\/product"}],"about":[{"href":"https:\/\/tienda.360armonico.com\/index.php\/wp-json\/wp\/v2\/types\/product"}],"replies":[{"embeddable":true,"href":"https:\/\/tienda.360armonico.com\/index.php\/wp-json\/wp\/v2\/comments?post=467"}],"wp:featuredmedia":[{"embeddable":true,"href":"https:\/\/tienda.360armonico.com\/index.php\/wp-json\/wp\/v2\/media\/1286"}],"wp:attachment":[{"href":"https:\/\/tienda.360armonico.com\/index.php\/wp-json\/wp\/v2\/media?parent=467"}],"wp:term":[{"taxonomy":"product_brand","embeddable":true,"href":"https:\/\/tienda.360armonico.com\/index.php\/wp-json\/wp\/v2\/product_brand?post=467"},{"taxonomy":"product_cat","embeddable":true,"href":"https:\/\/tienda.360armonico.com\/index.php\/wp-json\/wp\/v2\/product_cat?post=467"},{"taxonomy":"product_tag","embeddable":true,"href":"https:\/\/tienda.360armonico.com\/index.php\/wp-json\/wp\/v2\/product_tag?post=467"}],"curies":[{"name":"wp","href":"https:\/\/api.w.org\/{rel}","templated":true}]}}