{"id":453,"date":"2025-08-25T18:01:47","date_gmt":"2025-08-25T16:01:47","guid":{"rendered":"https:\/\/tienda.360armonico.com\/?post_type=product&#038;p=453"},"modified":"2025-12-10T12:11:40","modified_gmt":"2025-12-10T11:11:40","slug":"estrella-tetraedrica","status":"publish","type":"product","link":"https:\/\/tienda.360armonico.com\/index.php\/producto\/estrella-tetraedrica\/","title":{"rendered":"Estrella Tetra\u00e9drica"},"content":{"rendered":"<p>Incluye la figura impresa del tama\u00f1o elegido y la ficha t\u00e9cnica + meditaci\u00f3n espec\u00edfica de la figura<\/p>\n","protected":false},"excerpt":{"rendered":"<p>Figura de geometr\u00eda sagrada que se obtiene por la uni\u00f3n de dos tetraedros. Impresi\u00f3n 3D con PLA. La Estrella Tetra\u00e9drica o tambi\u00e9n llamada Merkaba, remite a un veh\u00edculo de Luz. Trabajar con esta Geometr\u00eda nos aporta la apertura de caminos.<\/p>\n","protected":false},"featured_media":1130,"comment_status":"open","ping_status":"closed","template":"","meta":{"_acf_changed":false},"product_brand":[],"product_cat":[54,36,37,23,24,39,45,52,29,59,30,31,56,33],"product_tag":[],"class_list":{"0":"post-453","1":"product","2":"type-product","3":"status-publish","4":"has-post-thumbnail","6":"product_cat-comunicacion","7":"product_cat-conexion-sutil","8":"product_cat-creatividad","9":"product_cat-elemento-agua","10":"product_cat-elemento-fuego","11":"product_cat-equilibrio-biomagnetico","12":"product_cat-equilibrio-chackra-2","13":"product_cat-equilibrio-chackra-5","14":"product_cat-equilibrio-chakra-8","15":"product_cat-funcion-cerebral","16":"product_cat-geometria","17":"product_cat-geometria-sagrada","18":"product_cat-intuicion","19":"product_cat-transmutacion","20":"product_shipping_class-estandar-653","22":"first","23":"instock","24":"taxable","25":"shipping-taxable","26":"purchasable","27":"product-type-variable"},"acf":[],"_links":{"self":[{"href":"https:\/\/tienda.360armonico.com\/index.php\/wp-json\/wp\/v2\/product\/453","targetHints":{"allow":["GET"]}}],"collection":[{"href":"https:\/\/tienda.360armonico.com\/index.php\/wp-json\/wp\/v2\/product"}],"about":[{"href":"https:\/\/tienda.360armonico.com\/index.php\/wp-json\/wp\/v2\/types\/product"}],"replies":[{"embeddable":true,"href":"https:\/\/tienda.360armonico.com\/index.php\/wp-json\/wp\/v2\/comments?post=453"}],"wp:featuredmedia":[{"embeddable":true,"href":"https:\/\/tienda.360armonico.com\/index.php\/wp-json\/wp\/v2\/media\/1130"}],"wp:attachment":[{"href":"https:\/\/tienda.360armonico.com\/index.php\/wp-json\/wp\/v2\/media?parent=453"}],"wp:term":[{"taxonomy":"product_brand","embeddable":true,"href":"https:\/\/tienda.360armonico.com\/index.php\/wp-json\/wp\/v2\/product_brand?post=453"},{"taxonomy":"product_cat","embeddable":true,"href":"https:\/\/tienda.360armonico.com\/index.php\/wp-json\/wp\/v2\/product_cat?post=453"},{"taxonomy":"product_tag","embeddable":true,"href":"https:\/\/tienda.360armonico.com\/index.php\/wp-json\/wp\/v2\/product_tag?post=453"}],"curies":[{"name":"wp","href":"https:\/\/api.w.org\/{rel}","templated":true}]}}