{"id":441,"date":"2025-08-25T18:01:45","date_gmt":"2025-08-25T16:01:45","guid":{"rendered":"https:\/\/tienda.360armonico.com\/?post_type=product&#038;p=441"},"modified":"2025-12-10T18:25:27","modified_gmt":"2025-12-10T17:25:27","slug":"icosaedro","status":"publish","type":"product","link":"https:\/\/tienda.360armonico.com\/index.php\/producto\/icosaedro\/","title":{"rendered":"Icosaedro"},"content":{"rendered":"<p>Incluye la figura impresa del tama\u00f1o elegido, ficha de la Geometr\u00eda y protocolo.<\/p>\n<h2><\/h2>\n","protected":false},"excerpt":{"rendered":"<p>Figura perteneciente a los s\u00f3lidos plat\u00f3nicos. Impresi\u00f3n 3D con PLA. El Icosaedro est\u00e1 relacionado con el elemento Agua. Esta Geometr\u00eda tiene muchas aplicaciones entre ellas,\u00a0 nos ayuda a regular nuestras emociones, y en la parte f\u00edsica regula todo lo relacionado con los l\u00edquidos.<\/p>\n","protected":false},"featured_media":1147,"comment_status":"open","ping_status":"closed","template":"","meta":{"_acf_changed":false},"product_brand":[],"product_cat":[48,23,70,69,68],"product_tag":[],"class_list":{"0":"post-441","1":"product","2":"type-product","3":"status-publish","4":"has-post-thumbnail","6":"product_cat-carisma-e-influencia","7":"product_cat-elemento-agua","8":"product_cat-inteligencia","9":"product_cat-resistencia","10":"product_cat-solidos-platonicos","11":"product_shipping_class-estandar-653","13":"first","14":"instock","15":"taxable","16":"shipping-taxable","17":"purchasable","18":"product-type-variable"},"acf":[],"_links":{"self":[{"href":"https:\/\/tienda.360armonico.com\/index.php\/wp-json\/wp\/v2\/product\/441","targetHints":{"allow":["GET"]}}],"collection":[{"href":"https:\/\/tienda.360armonico.com\/index.php\/wp-json\/wp\/v2\/product"}],"about":[{"href":"https:\/\/tienda.360armonico.com\/index.php\/wp-json\/wp\/v2\/types\/product"}],"replies":[{"embeddable":true,"href":"https:\/\/tienda.360armonico.com\/index.php\/wp-json\/wp\/v2\/comments?post=441"}],"wp:featuredmedia":[{"embeddable":true,"href":"https:\/\/tienda.360armonico.com\/index.php\/wp-json\/wp\/v2\/media\/1147"}],"wp:attachment":[{"href":"https:\/\/tienda.360armonico.com\/index.php\/wp-json\/wp\/v2\/media?parent=441"}],"wp:term":[{"taxonomy":"product_brand","embeddable":true,"href":"https:\/\/tienda.360armonico.com\/index.php\/wp-json\/wp\/v2\/product_brand?post=441"},{"taxonomy":"product_cat","embeddable":true,"href":"https:\/\/tienda.360armonico.com\/index.php\/wp-json\/wp\/v2\/product_cat?post=441"},{"taxonomy":"product_tag","embeddable":true,"href":"https:\/\/tienda.360armonico.com\/index.php\/wp-json\/wp\/v2\/product_tag?post=441"}],"curies":[{"name":"wp","href":"https:\/\/api.w.org\/{rel}","templated":true}]}}