{"id":435,"date":"2025-08-25T18:01:45","date_gmt":"2025-08-25T16:01:45","guid":{"rendered":"https:\/\/tienda.360armonico.com\/?post_type=product&#038;p=435"},"modified":"2025-12-10T15:04:29","modified_gmt":"2025-12-10T14:04:29","slug":"hexaedro","status":"publish","type":"product","link":"https:\/\/tienda.360armonico.com\/index.php\/producto\/hexaedro\/","title":{"rendered":"Hexaedro"},"content":{"rendered":"<p>Incluye la figura impresa del tama\u00f1o elegido, ficha del producto y protocolo de enraizamiento.<\/p>\n<p>&nbsp;<\/p>\n","protected":false},"excerpt":{"rendered":"<p>Figura perteneciente a los s\u00f3lidos plat\u00f3nicos. Impresi\u00f3n 3D con PLA. El Hexaedro est\u00e1 relacionado con el elemento Tierra. Esta Geometr\u00eda tiene muchas aplicaciones entre ellas,\u00a0 nos aporta estabilidad, concreci\u00f3n y enraizamiento de la energ\u00eda.<\/p>\n","protected":false},"featured_media":1146,"comment_status":"open","ping_status":"closed","template":"","meta":{"_acf_changed":false},"product_brand":[],"product_cat":[44,27,46,68],"product_tag":[],"class_list":{"0":"post-435","1":"product","2":"type-product","3":"status-publish","4":"has-post-thumbnail","6":"product_cat-constancia","7":"product_cat-elemento-tierra","8":"product_cat-recursos-y-talentos","9":"product_cat-solidos-platonicos","10":"product_shipping_class-estandar-653","12":"first","13":"instock","14":"taxable","15":"shipping-taxable","16":"purchasable","17":"product-type-variable"},"acf":[],"_links":{"self":[{"href":"https:\/\/tienda.360armonico.com\/index.php\/wp-json\/wp\/v2\/product\/435","targetHints":{"allow":["GET"]}}],"collection":[{"href":"https:\/\/tienda.360armonico.com\/index.php\/wp-json\/wp\/v2\/product"}],"about":[{"href":"https:\/\/tienda.360armonico.com\/index.php\/wp-json\/wp\/v2\/types\/product"}],"replies":[{"embeddable":true,"href":"https:\/\/tienda.360armonico.com\/index.php\/wp-json\/wp\/v2\/comments?post=435"}],"wp:featuredmedia":[{"embeddable":true,"href":"https:\/\/tienda.360armonico.com\/index.php\/wp-json\/wp\/v2\/media\/1146"}],"wp:attachment":[{"href":"https:\/\/tienda.360armonico.com\/index.php\/wp-json\/wp\/v2\/media?parent=435"}],"wp:term":[{"taxonomy":"product_brand","embeddable":true,"href":"https:\/\/tienda.360armonico.com\/index.php\/wp-json\/wp\/v2\/product_brand?post=435"},{"taxonomy":"product_cat","embeddable":true,"href":"https:\/\/tienda.360armonico.com\/index.php\/wp-json\/wp\/v2\/product_cat?post=435"},{"taxonomy":"product_tag","embeddable":true,"href":"https:\/\/tienda.360armonico.com\/index.php\/wp-json\/wp\/v2\/product_tag?post=435"}],"curies":[{"name":"wp","href":"https:\/\/api.w.org\/{rel}","templated":true}]}}