{"id":432,"date":"2025-08-25T18:01:44","date_gmt":"2025-08-25T16:01:44","guid":{"rendered":"https:\/\/tienda.360armonico.com\/?post_type=product&#038;p=432"},"modified":"2025-12-10T20:28:49","modified_gmt":"2025-12-10T19:28:49","slug":"tetraedro","status":"publish","type":"product","link":"https:\/\/tienda.360armonico.com\/index.php\/producto\/tetraedro\/","title":{"rendered":"Tetraedro"},"content":{"rendered":"<p>Incluye la figura impresa del tama\u00f1o elegido, ficha del producto y protocolo<\/p>\n<p>&nbsp;<\/p>\n","protected":false},"excerpt":{"rendered":"<p>Figura perteneciente a los s\u00f3lidos plat\u00f3nicos. Impresi\u00f3n 3D con PLA. El Tetraedro est\u00e1 relacionado con el elemento Fuego. Esta Geometr\u00eda tiene muchas aplicaciones entre ellas,\u00a0 nos ayuda a regenerar la red de col\u00e1geno, y todo lo relacionado con esta red, tendones, ligamentos, articulaciones&#8230;<\/p>\n","protected":false},"featured_media":766,"comment_status":"open","ping_status":"closed","template":"","meta":{"_acf_changed":false},"product_brand":[],"product_cat":[41,37,24,68,33],"product_tag":[],"class_list":{"0":"post-432","1":"product","2":"type-product","3":"status-publish","4":"has-post-thumbnail","6":"product_cat-confianza","7":"product_cat-creatividad","8":"product_cat-elemento-fuego","9":"product_cat-solidos-platonicos","10":"product_cat-transmutacion","11":"product_shipping_class-estandar-653","13":"first","14":"instock","15":"taxable","16":"shipping-taxable","17":"purchasable","18":"product-type-variable"},"acf":[],"_links":{"self":[{"href":"https:\/\/tienda.360armonico.com\/index.php\/wp-json\/wp\/v2\/product\/432","targetHints":{"allow":["GET"]}}],"collection":[{"href":"https:\/\/tienda.360armonico.com\/index.php\/wp-json\/wp\/v2\/product"}],"about":[{"href":"https:\/\/tienda.360armonico.com\/index.php\/wp-json\/wp\/v2\/types\/product"}],"replies":[{"embeddable":true,"href":"https:\/\/tienda.360armonico.com\/index.php\/wp-json\/wp\/v2\/comments?post=432"}],"wp:featuredmedia":[{"embeddable":true,"href":"https:\/\/tienda.360armonico.com\/index.php\/wp-json\/wp\/v2\/media\/766"}],"wp:attachment":[{"href":"https:\/\/tienda.360armonico.com\/index.php\/wp-json\/wp\/v2\/media?parent=432"}],"wp:term":[{"taxonomy":"product_brand","embeddable":true,"href":"https:\/\/tienda.360armonico.com\/index.php\/wp-json\/wp\/v2\/product_brand?post=432"},{"taxonomy":"product_cat","embeddable":true,"href":"https:\/\/tienda.360armonico.com\/index.php\/wp-json\/wp\/v2\/product_cat?post=432"},{"taxonomy":"product_tag","embeddable":true,"href":"https:\/\/tienda.360armonico.com\/index.php\/wp-json\/wp\/v2\/product_tag?post=432"}],"curies":[{"name":"wp","href":"https:\/\/api.w.org\/{rel}","templated":true}]}}