{"id":409,"date":"2025-08-25T18:01:37","date_gmt":"2025-08-25T16:01:37","guid":{"rendered":"https:\/\/tienda.360armonico.com\/?post_type=product&#038;p=409"},"modified":"2025-12-11T12:00:49","modified_gmt":"2025-12-11T11:00:49","slug":"triaquisoctaedro","status":"publish","type":"product","link":"https:\/\/tienda.360armonico.com\/index.php\/producto\/triaquisoctaedro\/","title":{"rendered":"Triakis Octaedro"},"content":{"rendered":"<p>Incluye la figura impresa del tama\u00f1o elegido y la ficha t\u00e9cnica + meditaci\u00f3n espec\u00edfica de la figura<\/p>\n","protected":false},"excerpt":{"rendered":"<p>Impresi\u00f3n 3D con PLA. El Triakis Octaedro est\u00e1 relacionado con el elemento Metal. Esta Geometr\u00eda tiene muchas aplicaciones entre ellas,\u00a0 nos ayuda a trabajar la alineaci\u00f3n del nuestros dos Cristal Sol, la Llama Trina y la Pineal.<\/p>\n","protected":false},"featured_media":1165,"comment_status":"open","ping_status":"closed","template":"","meta":{"_acf_changed":false},"product_brand":[],"product_cat":[35,20,21,26,39,38,57,53,49,80],"product_tag":[],"class_list":{"0":"post-409","1":"product","2":"type-product","3":"status-publish","4":"has-post-thumbnail","6":"product_cat-calma-y-serenidad","7":"product_cat-coherencia","8":"product_cat-comprension","9":"product_cat-elemento-metal","10":"product_cat-equilibrio-biomagnetico","11":"product_cat-equilibrio-chackra-4","12":"product_cat-equilibrio-chackra-6","13":"product_cat-equilibrio-emocional","14":"product_cat-equilibrio-llama-trina","15":"product_cat-solidos-catalan","16":"product_shipping_class-estandar-653","18":"first","19":"instock","20":"taxable","21":"shipping-taxable","22":"purchasable","23":"product-type-variable"},"acf":[],"_links":{"self":[{"href":"https:\/\/tienda.360armonico.com\/index.php\/wp-json\/wp\/v2\/product\/409","targetHints":{"allow":["GET"]}}],"collection":[{"href":"https:\/\/tienda.360armonico.com\/index.php\/wp-json\/wp\/v2\/product"}],"about":[{"href":"https:\/\/tienda.360armonico.com\/index.php\/wp-json\/wp\/v2\/types\/product"}],"replies":[{"embeddable":true,"href":"https:\/\/tienda.360armonico.com\/index.php\/wp-json\/wp\/v2\/comments?post=409"}],"wp:featuredmedia":[{"embeddable":true,"href":"https:\/\/tienda.360armonico.com\/index.php\/wp-json\/wp\/v2\/media\/1165"}],"wp:attachment":[{"href":"https:\/\/tienda.360armonico.com\/index.php\/wp-json\/wp\/v2\/media?parent=409"}],"wp:term":[{"taxonomy":"product_brand","embeddable":true,"href":"https:\/\/tienda.360armonico.com\/index.php\/wp-json\/wp\/v2\/product_brand?post=409"},{"taxonomy":"product_cat","embeddable":true,"href":"https:\/\/tienda.360armonico.com\/index.php\/wp-json\/wp\/v2\/product_cat?post=409"},{"taxonomy":"product_tag","embeddable":true,"href":"https:\/\/tienda.360armonico.com\/index.php\/wp-json\/wp\/v2\/product_tag?post=409"}],"curies":[{"name":"wp","href":"https:\/\/api.w.org\/{rel}","templated":true}]}}