{"id":402,"date":"2025-08-25T18:01:36","date_gmt":"2025-08-25T16:01:36","guid":{"rendered":"https:\/\/tienda.360armonico.com\/?post_type=product&#038;p=402"},"modified":"2025-12-10T20:41:06","modified_gmt":"2025-12-10T19:41:06","slug":"dodecaedro-truncado","status":"publish","type":"product","link":"https:\/\/tienda.360armonico.com\/index.php\/producto\/dodecaedro-truncado\/","title":{"rendered":"Dodecaedro Truncado"},"content":{"rendered":"<p>Incluye la figura impresa del tama\u00f1o elegido y la ficha t\u00e9cnica + meditaci\u00f3n espec\u00edfica de la figura<\/p>\n","protected":false},"excerpt":{"rendered":"<p>Figura perteneciente a los s\u00f3lidos arquimedianos. Impresi\u00f3n 3D con PLA. El Dodecaedro Truncado est\u00e1 relacionado con el elemento Madera. Esta Geometr\u00eda tiene muchas aplicaciones entre ellas,\u00a0 nos ayuda a entender nuestra propia existencia.<\/p>\n","protected":false},"featured_media":729,"comment_status":"open","ping_status":"closed","template":"","meta":{"_acf_changed":false},"product_brand":[],"product_cat":[41,25,52,53,32,43],"product_tag":[],"class_list":{"0":"post-402","1":"product","2":"type-product","3":"status-publish","4":"has-post-thumbnail","6":"product_cat-confianza","7":"product_cat-elemento-madera","8":"product_cat-equilibrio-chackra-5","9":"product_cat-equilibrio-emocional","10":"product_cat-sentido-de-vida","11":"product_cat-solidos-arquimedianos","12":"product_shipping_class-estandar-653","14":"first","15":"instock","16":"taxable","17":"shipping-taxable","18":"purchasable","19":"product-type-variable"},"acf":[],"_links":{"self":[{"href":"https:\/\/tienda.360armonico.com\/index.php\/wp-json\/wp\/v2\/product\/402","targetHints":{"allow":["GET"]}}],"collection":[{"href":"https:\/\/tienda.360armonico.com\/index.php\/wp-json\/wp\/v2\/product"}],"about":[{"href":"https:\/\/tienda.360armonico.com\/index.php\/wp-json\/wp\/v2\/types\/product"}],"replies":[{"embeddable":true,"href":"https:\/\/tienda.360armonico.com\/index.php\/wp-json\/wp\/v2\/comments?post=402"}],"wp:featuredmedia":[{"embeddable":true,"href":"https:\/\/tienda.360armonico.com\/index.php\/wp-json\/wp\/v2\/media\/729"}],"wp:attachment":[{"href":"https:\/\/tienda.360armonico.com\/index.php\/wp-json\/wp\/v2\/media?parent=402"}],"wp:term":[{"taxonomy":"product_brand","embeddable":true,"href":"https:\/\/tienda.360armonico.com\/index.php\/wp-json\/wp\/v2\/product_brand?post=402"},{"taxonomy":"product_cat","embeddable":true,"href":"https:\/\/tienda.360armonico.com\/index.php\/wp-json\/wp\/v2\/product_cat?post=402"},{"taxonomy":"product_tag","embeddable":true,"href":"https:\/\/tienda.360armonico.com\/index.php\/wp-json\/wp\/v2\/product_tag?post=402"}],"curies":[{"name":"wp","href":"https:\/\/api.w.org\/{rel}","templated":true}]}}