{"id":390,"date":"2025-08-25T18:01:28","date_gmt":"2025-08-25T16:01:28","guid":{"rendered":"https:\/\/tienda.360armonico.com\/?post_type=product&#038;p=390"},"modified":"2025-12-10T20:47:02","modified_gmt":"2025-12-10T19:47:02","slug":"icosaedro-truncado","status":"publish","type":"product","link":"https:\/\/tienda.360armonico.com\/index.php\/producto\/icosaedro-truncado\/","title":{"rendered":"Icosaedro Truncado"},"content":{"rendered":"<p>Incluye la figura impresa del tama\u00f1o elegido y la ficha t\u00e9cnica + meditaci\u00f3n espec\u00edfica de la figura<\/p>\n","protected":false},"excerpt":{"rendered":"<p>Figura perteneciente a los s\u00f3lidos arquimedianos. Impresi\u00f3n 3D con PLA. El Icosaedro Truncado est\u00e1 relacionado con el elemento Agua. Esta Geometr\u00eda tiene muchas aplicaciones entre ellas,\u00a0 nos ayuda a trabajar la comunicaci\u00f3n.<\/p>\n","protected":false},"featured_media":742,"comment_status":"open","ping_status":"closed","template":"","meta":{"_acf_changed":false},"product_brand":[],"product_cat":[48,21,54,23,52,55,43],"product_tag":[],"class_list":{"0":"post-390","1":"product","2":"type-product","3":"status-publish","4":"has-post-thumbnail","6":"product_cat-carisma-e-influencia","7":"product_cat-comprension","8":"product_cat-comunicacion","9":"product_cat-elemento-agua","10":"product_cat-equilibrio-chackra-5","11":"product_cat-oratoria","12":"product_cat-solidos-arquimedianos","13":"product_shipping_class-estandar-653","15":"first","16":"instock","17":"taxable","18":"shipping-taxable","19":"purchasable","20":"product-type-variable"},"acf":[],"_links":{"self":[{"href":"https:\/\/tienda.360armonico.com\/index.php\/wp-json\/wp\/v2\/product\/390","targetHints":{"allow":["GET"]}}],"collection":[{"href":"https:\/\/tienda.360armonico.com\/index.php\/wp-json\/wp\/v2\/product"}],"about":[{"href":"https:\/\/tienda.360armonico.com\/index.php\/wp-json\/wp\/v2\/types\/product"}],"replies":[{"embeddable":true,"href":"https:\/\/tienda.360armonico.com\/index.php\/wp-json\/wp\/v2\/comments?post=390"}],"wp:featuredmedia":[{"embeddable":true,"href":"https:\/\/tienda.360armonico.com\/index.php\/wp-json\/wp\/v2\/media\/742"}],"wp:attachment":[{"href":"https:\/\/tienda.360armonico.com\/index.php\/wp-json\/wp\/v2\/media?parent=390"}],"wp:term":[{"taxonomy":"product_brand","embeddable":true,"href":"https:\/\/tienda.360armonico.com\/index.php\/wp-json\/wp\/v2\/product_brand?post=390"},{"taxonomy":"product_cat","embeddable":true,"href":"https:\/\/tienda.360armonico.com\/index.php\/wp-json\/wp\/v2\/product_cat?post=390"},{"taxonomy":"product_tag","embeddable":true,"href":"https:\/\/tienda.360armonico.com\/index.php\/wp-json\/wp\/v2\/product_tag?post=390"}],"curies":[{"name":"wp","href":"https:\/\/api.w.org\/{rel}","templated":true}]}}