{"id":387,"date":"2025-08-25T18:01:28","date_gmt":"2025-08-25T16:01:28","guid":{"rendered":"https:\/\/tienda.360armonico.com\/?post_type=product&#038;p=387"},"modified":"2025-12-10T20:43:13","modified_gmt":"2025-12-10T19:43:13","slug":"octaedro-truncado","status":"publish","type":"product","link":"https:\/\/tienda.360armonico.com\/index.php\/producto\/octaedro-truncado\/","title":{"rendered":"Octaedro Truncado"},"content":{"rendered":"<p>Incluye la figura impresa del tama\u00f1o elegido y la ficha t\u00e9cnica + meditaci\u00f3n espec\u00edfica de la figura.<\/p>\n","protected":false},"excerpt":{"rendered":"<p>Figura perteneciente a los s\u00f3lidos arquimedianos. Impresi\u00f3n 3D con PLA. El Octaedro Truncado est\u00e1 relacionado con el elemento Metal. Esta Geometr\u00eda tiene muchas aplicaciones entre ellas,\u00a0 nos ayuda a trabajar nuestro propio reconocimiento.<\/p>\n","protected":false},"featured_media":759,"comment_status":"open","ping_status":"closed","template":"","meta":{"_acf_changed":false},"product_brand":[],"product_cat":[47,20,21,26,39,38,52,53,49,32,43],"product_tag":[],"class_list":{"0":"post-387","1":"product","2":"type-product","3":"status-publish","4":"has-post-thumbnail","6":"product_cat-atraccion-y-manifestacion","7":"product_cat-coherencia","8":"product_cat-comprension","9":"product_cat-elemento-metal","10":"product_cat-equilibrio-biomagnetico","11":"product_cat-equilibrio-chackra-4","12":"product_cat-equilibrio-chackra-5","13":"product_cat-equilibrio-emocional","14":"product_cat-equilibrio-llama-trina","15":"product_cat-sentido-de-vida","16":"product_cat-solidos-arquimedianos","17":"product_shipping_class-estandar-653","19":"first","20":"instock","21":"taxable","22":"shipping-taxable","23":"purchasable","24":"product-type-variable"},"acf":[],"_links":{"self":[{"href":"https:\/\/tienda.360armonico.com\/index.php\/wp-json\/wp\/v2\/product\/387","targetHints":{"allow":["GET"]}}],"collection":[{"href":"https:\/\/tienda.360armonico.com\/index.php\/wp-json\/wp\/v2\/product"}],"about":[{"href":"https:\/\/tienda.360armonico.com\/index.php\/wp-json\/wp\/v2\/types\/product"}],"replies":[{"embeddable":true,"href":"https:\/\/tienda.360armonico.com\/index.php\/wp-json\/wp\/v2\/comments?post=387"}],"wp:featuredmedia":[{"embeddable":true,"href":"https:\/\/tienda.360armonico.com\/index.php\/wp-json\/wp\/v2\/media\/759"}],"wp:attachment":[{"href":"https:\/\/tienda.360armonico.com\/index.php\/wp-json\/wp\/v2\/media?parent=387"}],"wp:term":[{"taxonomy":"product_brand","embeddable":true,"href":"https:\/\/tienda.360armonico.com\/index.php\/wp-json\/wp\/v2\/product_brand?post=387"},{"taxonomy":"product_cat","embeddable":true,"href":"https:\/\/tienda.360armonico.com\/index.php\/wp-json\/wp\/v2\/product_cat?post=387"},{"taxonomy":"product_tag","embeddable":true,"href":"https:\/\/tienda.360armonico.com\/index.php\/wp-json\/wp\/v2\/product_tag?post=387"}],"curies":[{"name":"wp","href":"https:\/\/api.w.org\/{rel}","templated":true}]}}