{"id":378,"date":"2025-08-25T18:01:27","date_gmt":"2025-08-25T16:01:27","guid":{"rendered":"https:\/\/tienda.360armonico.com\/?post_type=product&#038;p=378"},"modified":"2025-12-10T20:49:12","modified_gmt":"2025-12-10T19:49:12","slug":"cubo-octaedro","status":"publish","type":"product","link":"https:\/\/tienda.360armonico.com\/index.php\/producto\/cubo-octaedro\/","title":{"rendered":"Cubo Octaedro"},"content":{"rendered":"<p>Incluye la figura impresa del tama\u00f1o elegido y la ficha t\u00e9cnica + meditaci\u00f3n.<\/p>\n","protected":false},"excerpt":{"rendered":"<p>Figura perteneciente a los s\u00f3lidos arquimedianos. Impresi\u00f3n 3D con PLA. El Cuboctaedro est\u00e1 relacionado con el elemento Tierra y el elemento Metal. Esta Geometr\u00eda tiene muchas aplicaciones entre ellas,\u00a0 nos ayuda a trabajar el punto de implosi\u00f3n de nuestro campo electromagn\u00e9tico, situado sobre la zona del ombligo.<\/p>\n","protected":false},"featured_media":725,"comment_status":"open","ping_status":"closed","template":"","meta":{"_acf_changed":false},"product_brand":[],"product_cat":[47,26,27,50,43],"product_tag":[],"class_list":{"0":"post-378","1":"product","2":"type-product","3":"status-publish","4":"has-post-thumbnail","6":"product_cat-atraccion-y-manifestacion","7":"product_cat-elemento-metal","8":"product_cat-elemento-tierra","9":"product_cat-equilibrio-chackra-3","10":"product_cat-solidos-arquimedianos","11":"product_shipping_class-estandar-653","13":"first","14":"instock","15":"taxable","16":"shipping-taxable","17":"purchasable","18":"product-type-variable"},"acf":[],"_links":{"self":[{"href":"https:\/\/tienda.360armonico.com\/index.php\/wp-json\/wp\/v2\/product\/378","targetHints":{"allow":["GET"]}}],"collection":[{"href":"https:\/\/tienda.360armonico.com\/index.php\/wp-json\/wp\/v2\/product"}],"about":[{"href":"https:\/\/tienda.360armonico.com\/index.php\/wp-json\/wp\/v2\/types\/product"}],"replies":[{"embeddable":true,"href":"https:\/\/tienda.360armonico.com\/index.php\/wp-json\/wp\/v2\/comments?post=378"}],"wp:featuredmedia":[{"embeddable":true,"href":"https:\/\/tienda.360armonico.com\/index.php\/wp-json\/wp\/v2\/media\/725"}],"wp:attachment":[{"href":"https:\/\/tienda.360armonico.com\/index.php\/wp-json\/wp\/v2\/media?parent=378"}],"wp:term":[{"taxonomy":"product_brand","embeddable":true,"href":"https:\/\/tienda.360armonico.com\/index.php\/wp-json\/wp\/v2\/product_brand?post=378"},{"taxonomy":"product_cat","embeddable":true,"href":"https:\/\/tienda.360armonico.com\/index.php\/wp-json\/wp\/v2\/product_cat?post=378"},{"taxonomy":"product_tag","embeddable":true,"href":"https:\/\/tienda.360armonico.com\/index.php\/wp-json\/wp\/v2\/product_tag?post=378"}],"curies":[{"name":"wp","href":"https:\/\/api.w.org\/{rel}","templated":true}]}}