{"id":376,"date":"2025-08-25T18:01:26","date_gmt":"2025-08-25T16:01:26","guid":{"rendered":"https:\/\/tienda.360armonico.com\/?post_type=product&#038;p=376"},"modified":"2025-12-11T11:37:13","modified_gmt":"2025-12-11T10:37:13","slug":"hexaedro-truncado","status":"publish","type":"product","link":"https:\/\/tienda.360armonico.com\/index.php\/producto\/hexaedro-truncado\/","title":{"rendered":"Hexaedro truncado"},"content":{"rendered":"<p>Incluye la figura impresa del tama\u00f1o elegido y la ficha t\u00e9cnica + meditaci\u00f3n. El Hexaedro Truncado est\u00e1 relacionado con el elemento Tierra. Esta Geometr\u00eda tiene muchas aplicaciones entre ellas,\u00a0 nos ayuda a encontrar sentido a nuestra existencia.<\/p>\n","protected":false},"excerpt":{"rendered":"<p>Figura perteneciente a los s\u00f3lidos arquimedianos. Impresi\u00f3n 3D con PLA. En el cuerpo f\u00edsico act\u00faa sobre el segundo chakra. Al trabajar con esta Geometr\u00eda nos ayuda a encontrar sentido a nuestra existencia.<\/p>\n","protected":false},"featured_media":738,"comment_status":"open","ping_status":"closed","template":"","meta":{"_acf_changed":false},"product_brand":[],"product_cat":[44,27,45,46,32,43],"product_tag":[],"class_list":{"0":"post-376","1":"product","2":"type-product","3":"status-publish","4":"has-post-thumbnail","6":"product_cat-constancia","7":"product_cat-elemento-tierra","8":"product_cat-equilibrio-chackra-2","9":"product_cat-recursos-y-talentos","10":"product_cat-sentido-de-vida","11":"product_cat-solidos-arquimedianos","12":"product_shipping_class-estandar-653","14":"first","15":"instock","16":"taxable","17":"shipping-taxable","18":"purchasable","19":"product-type-variable"},"acf":[],"_links":{"self":[{"href":"https:\/\/tienda.360armonico.com\/index.php\/wp-json\/wp\/v2\/product\/376","targetHints":{"allow":["GET"]}}],"collection":[{"href":"https:\/\/tienda.360armonico.com\/index.php\/wp-json\/wp\/v2\/product"}],"about":[{"href":"https:\/\/tienda.360armonico.com\/index.php\/wp-json\/wp\/v2\/types\/product"}],"replies":[{"embeddable":true,"href":"https:\/\/tienda.360armonico.com\/index.php\/wp-json\/wp\/v2\/comments?post=376"}],"wp:featuredmedia":[{"embeddable":true,"href":"https:\/\/tienda.360armonico.com\/index.php\/wp-json\/wp\/v2\/media\/738"}],"wp:attachment":[{"href":"https:\/\/tienda.360armonico.com\/index.php\/wp-json\/wp\/v2\/media?parent=376"}],"wp:term":[{"taxonomy":"product_brand","embeddable":true,"href":"https:\/\/tienda.360armonico.com\/index.php\/wp-json\/wp\/v2\/product_brand?post=376"},{"taxonomy":"product_cat","embeddable":true,"href":"https:\/\/tienda.360armonico.com\/index.php\/wp-json\/wp\/v2\/product_cat?post=376"},{"taxonomy":"product_tag","embeddable":true,"href":"https:\/\/tienda.360armonico.com\/index.php\/wp-json\/wp\/v2\/product_tag?post=376"}],"curies":[{"name":"wp","href":"https:\/\/api.w.org\/{rel}","templated":true}]}}