{"id":375,"date":"2025-08-25T18:01:26","date_gmt":"2025-08-25T16:01:26","guid":{"rendered":"https:\/\/tienda.360armonico.com\/?post_type=product&#038;p=375"},"modified":"2025-12-11T11:32:59","modified_gmt":"2025-12-11T10:32:59","slug":"tetraedro-truncado","status":"publish","type":"product","link":"https:\/\/tienda.360armonico.com\/index.php\/producto\/tetraedro-truncado\/","title":{"rendered":"Tetraedro truncado"},"content":{"rendered":"<p>Incluye la figura impresa del tama\u00f1o elegido y la ficha t\u00e9cnica + meditaci\u00f3n espec\u00edfica de la figura<\/p>\n","protected":false},"excerpt":{"rendered":"<p>Figura perteneciente a los s\u00f3lidos arquimedianos. Impresi\u00f3n 3D con PLA.\u00a0El Tetraedro Truncado est\u00e1 relacionado con el elemento Fuego. Esta Geometr\u00eda tiene muchas aplicaciones entre ellas,\u00a0 nos ayuda a regenerar equilibrar nuestra parte m\u00e1s primaria.<\/p>\n","protected":false},"featured_media":764,"comment_status":"open","ping_status":"closed","template":"","meta":{"_acf_changed":false},"product_brand":[],"product_cat":[41,37,24,42,43,33],"product_tag":[],"class_list":{"0":"post-375","1":"product","2":"type-product","3":"status-publish","4":"has-post-thumbnail","6":"product_cat-confianza","7":"product_cat-creatividad","8":"product_cat-elemento-fuego","9":"product_cat-equilibrio-chackra-1","10":"product_cat-solidos-arquimedianos","11":"product_cat-transmutacion","12":"product_shipping_class-estandar-653","14":"first","15":"instock","16":"taxable","17":"shipping-taxable","18":"purchasable","19":"product-type-variable"},"acf":[],"_links":{"self":[{"href":"https:\/\/tienda.360armonico.com\/index.php\/wp-json\/wp\/v2\/product\/375","targetHints":{"allow":["GET"]}}],"collection":[{"href":"https:\/\/tienda.360armonico.com\/index.php\/wp-json\/wp\/v2\/product"}],"about":[{"href":"https:\/\/tienda.360armonico.com\/index.php\/wp-json\/wp\/v2\/types\/product"}],"replies":[{"embeddable":true,"href":"https:\/\/tienda.360armonico.com\/index.php\/wp-json\/wp\/v2\/comments?post=375"}],"wp:featuredmedia":[{"embeddable":true,"href":"https:\/\/tienda.360armonico.com\/index.php\/wp-json\/wp\/v2\/media\/764"}],"wp:attachment":[{"href":"https:\/\/tienda.360armonico.com\/index.php\/wp-json\/wp\/v2\/media?parent=375"}],"wp:term":[{"taxonomy":"product_brand","embeddable":true,"href":"https:\/\/tienda.360armonico.com\/index.php\/wp-json\/wp\/v2\/product_brand?post=375"},{"taxonomy":"product_cat","embeddable":true,"href":"https:\/\/tienda.360armonico.com\/index.php\/wp-json\/wp\/v2\/product_cat?post=375"},{"taxonomy":"product_tag","embeddable":true,"href":"https:\/\/tienda.360armonico.com\/index.php\/wp-json\/wp\/v2\/product_tag?post=375"}],"curies":[{"name":"wp","href":"https:\/\/api.w.org\/{rel}","templated":true}]}}