{"id":373,"date":"2025-08-25T18:01:26","date_gmt":"2025-08-25T16:01:26","guid":{"rendered":"https:\/\/tienda.360armonico.com\/?post_type=product&#038;p=373"},"modified":"2026-03-21T11:04:36","modified_gmt":"2026-03-21T10:04:36","slug":"flor-de-la-vida-esfera","status":"publish","type":"product","link":"https:\/\/tienda.360armonico.com\/index.php\/producto\/flor-de-la-vida-esfera\/","title":{"rendered":"Flor de la Vida &#8211; Esfera"},"content":{"rendered":"<p>Piezas de impresi\u00f3n 3D de resina. Cada pieza es \u00fanica hecha con mucho amor y cari\u00f1o, por eso todas las piezas no son perfectamente iguales, al igual que el Yin y el Yang, d\u00f3nde la perfecci\u00f3n y la imperfecci\u00f3n forman el Tao. Adem\u00e1s incluye ficha del producto y protocolo de uso.<\/p>\n<p>Importante: No mojar las piezas. No someter a presiones, son piezas resistentes pero pueden romperse si se las somete a mucha presi\u00f3n.<\/p>\n","protected":false},"excerpt":{"rendered":"<p>Impresi\u00f3n 3D Resina de color rojo de 6cm. Esfera de la Flor de la Vida, es un patr\u00f3n geom\u00e9trico Sagrado que durante miles de a\u00f1os ha sido venerada por diferentes culturas en la historia de la humanidad. Sus aplicaciones son muy diversas, pero una de ellas, nos ayuda en nuestro equilibrio f\u00edsico, emocional, mental y energ\u00e9tico.<\/p>\n","protected":false},"featured_media":734,"comment_status":"open","ping_status":"closed","template":"","meta":{"_acf_changed":false},"product_brand":[],"product_cat":[35,20,21,36,37,23,24,25,26,27,38,29,30,31,32],"product_tag":[],"class_list":{"0":"post-373","1":"product","2":"type-product","3":"status-publish","4":"has-post-thumbnail","6":"product_cat-calma-y-serenidad","7":"product_cat-coherencia","8":"product_cat-comprension","9":"product_cat-conexion-sutil","10":"product_cat-creatividad","11":"product_cat-elemento-agua","12":"product_cat-elemento-fuego","13":"product_cat-elemento-madera","14":"product_cat-elemento-metal","15":"product_cat-elemento-tierra","16":"product_cat-equilibrio-chackra-4","17":"product_cat-equilibrio-chakra-8","18":"product_cat-geometria","19":"product_cat-geometria-sagrada","20":"product_cat-sentido-de-vida","21":"product_shipping_class-estandar-653","23":"first","24":"instock","25":"taxable","26":"shipping-taxable","27":"purchasable","28":"product-type-variable"},"acf":[],"_links":{"self":[{"href":"https:\/\/tienda.360armonico.com\/index.php\/wp-json\/wp\/v2\/product\/373","targetHints":{"allow":["GET"]}}],"collection":[{"href":"https:\/\/tienda.360armonico.com\/index.php\/wp-json\/wp\/v2\/product"}],"about":[{"href":"https:\/\/tienda.360armonico.com\/index.php\/wp-json\/wp\/v2\/types\/product"}],"replies":[{"embeddable":true,"href":"https:\/\/tienda.360armonico.com\/index.php\/wp-json\/wp\/v2\/comments?post=373"}],"wp:featuredmedia":[{"embeddable":true,"href":"https:\/\/tienda.360armonico.com\/index.php\/wp-json\/wp\/v2\/media\/734"}],"wp:attachment":[{"href":"https:\/\/tienda.360armonico.com\/index.php\/wp-json\/wp\/v2\/media?parent=373"}],"wp:term":[{"taxonomy":"product_brand","embeddable":true,"href":"https:\/\/tienda.360armonico.com\/index.php\/wp-json\/wp\/v2\/product_brand?post=373"},{"taxonomy":"product_cat","embeddable":true,"href":"https:\/\/tienda.360armonico.com\/index.php\/wp-json\/wp\/v2\/product_cat?post=373"},{"taxonomy":"product_tag","embeddable":true,"href":"https:\/\/tienda.360armonico.com\/index.php\/wp-json\/wp\/v2\/product_tag?post=373"}],"curies":[{"name":"wp","href":"https:\/\/api.w.org\/{rel}","templated":true}]}}