{"id":372,"date":"2025-08-25T18:01:26","date_gmt":"2025-08-25T16:01:26","guid":{"rendered":"https:\/\/tienda.360armonico.com\/?post_type=product&#038;p=372"},"modified":"2026-03-12T11:18:54","modified_gmt":"2026-03-12T10:18:54","slug":"metatron","status":"publish","type":"product","link":"https:\/\/tienda.360armonico.com\/index.php\/producto\/metatron\/","title":{"rendered":"Metatron"},"content":{"rendered":"<p>Piezas de impresi\u00f3n 3D de resina. Cada pieza es \u00fanica hecha con mucho amor y cari\u00f1o, por eso todas las piezas no son perfectamente iguales, al igual que el Yin y el Yang, d\u00f3nde la perfecci\u00f3n y la imperfecci\u00f3n forman el Tao. Adem\u00e1s incluye ficha del producto y protocolo de protecci\u00f3n.<\/p>\n<p>Importante: No mojar las piezas. No someter a presiones, son piezas resistentes pero pueden romperse si se las somete a mucha presi\u00f3n.<\/p>\n","protected":false},"excerpt":{"rendered":"<p>Impresi\u00f3n 3D Resina de color azul oscuro de 6cm. Cubo Metatr\u00f3n es un patr\u00f3n geom\u00e9trico que deriva de la Flor de la Vida, y durante miles de a\u00f1os se ha utilizado como protector. Tiene muchas aplicaciones esta poderosa geometr\u00eda, una de ellas al trabajar con esta patr\u00f3n nos ayuda a entender el ciclo vida, muerte y regeneraci\u00f3n.<\/p>\n","protected":false},"featured_media":299,"comment_status":"open","ping_status":"closed","template":"","meta":{"_acf_changed":false},"product_brand":[],"product_cat":[20,21,23,24,25,26,27,29,30,31,32,33],"product_tag":[],"class_list":{"0":"post-372","1":"product","2":"type-product","3":"status-publish","4":"has-post-thumbnail","6":"product_cat-coherencia","7":"product_cat-comprension","8":"product_cat-elemento-agua","9":"product_cat-elemento-fuego","10":"product_cat-elemento-madera","11":"product_cat-elemento-metal","12":"product_cat-elemento-tierra","13":"product_cat-equilibrio-chakra-8","14":"product_cat-geometria","15":"product_cat-geometria-sagrada","16":"product_cat-sentido-de-vida","17":"product_cat-transmutacion","18":"product_shipping_class-estandar-653","20":"first","21":"outofstock","22":"taxable","23":"shipping-taxable","24":"purchasable","25":"product-type-variable"},"acf":[],"_links":{"self":[{"href":"https:\/\/tienda.360armonico.com\/index.php\/wp-json\/wp\/v2\/product\/372","targetHints":{"allow":["GET"]}}],"collection":[{"href":"https:\/\/tienda.360armonico.com\/index.php\/wp-json\/wp\/v2\/product"}],"about":[{"href":"https:\/\/tienda.360armonico.com\/index.php\/wp-json\/wp\/v2\/types\/product"}],"replies":[{"embeddable":true,"href":"https:\/\/tienda.360armonico.com\/index.php\/wp-json\/wp\/v2\/comments?post=372"}],"wp:featuredmedia":[{"embeddable":true,"href":"https:\/\/tienda.360armonico.com\/index.php\/wp-json\/wp\/v2\/media\/299"}],"wp:attachment":[{"href":"https:\/\/tienda.360armonico.com\/index.php\/wp-json\/wp\/v2\/media?parent=372"}],"wp:term":[{"taxonomy":"product_brand","embeddable":true,"href":"https:\/\/tienda.360armonico.com\/index.php\/wp-json\/wp\/v2\/product_brand?post=372"},{"taxonomy":"product_cat","embeddable":true,"href":"https:\/\/tienda.360armonico.com\/index.php\/wp-json\/wp\/v2\/product_cat?post=372"},{"taxonomy":"product_tag","embeddable":true,"href":"https:\/\/tienda.360armonico.com\/index.php\/wp-json\/wp\/v2\/product_tag?post=372"}],"curies":[{"name":"wp","href":"https:\/\/api.w.org\/{rel}","templated":true}]}}