{"id":1629,"date":"2026-04-03T12:14:49","date_gmt":"2026-04-03T10:14:49","guid":{"rendered":"https:\/\/tienda.360armonico.com\/?post_type=product&#038;p=1629"},"modified":"2026-04-03T21:18:44","modified_gmt":"2026-04-03T19:18:44","slug":"5-elementos-5-geometrias-una-experiencia-interna","status":"publish","type":"product","link":"https:\/\/tienda.360armonico.com\/index.php\/producto\/5-elementos-5-geometrias-una-experiencia-interna\/","title":{"rendered":"5 Elementos, 5 Geometr\u00edas &#8211; Una experiencia interna"},"content":{"rendered":"<p><strong>INFORMACI\u00d3N IMPORTANTE:<\/strong><\/p>\n<p>Tras la inscripci\u00f3n en la formaci\u00f3n te dar\u00e9 acceso a un grupo privado en Telegram para esta convocatoria. A trav\u00e9s de ese grupo estaremos en contacto y te ir\u00e9 detallando novedades.<\/p>\n<p>Los directos se realizar\u00e1n a trav\u00e9s de Zoom. Si no puedes participar en alg\u00fan directo, podr\u00e1s verlo por grabaci\u00f3n.<\/p>\n<p>Durante todo el mes de Mayo 2026 tienes acceso a la App de 360 Arm\u00f3nico donde cada d\u00eda tendr\u00e1s ejercicios, respiraciones y\/o meditaciones del elemento a trabajar. Tendr\u00e1s todo el contenido de la formaci\u00f3n disponible durante 1 a\u00f1o.<\/p>\n<p>Unos d\u00edas antes del primer directo te dar\u00e9 acceso a la App para que recorras el video de introducci\u00f3n.<\/p>\n<p>Si tienes cualquier duda puedes escribirme a contacto@360armonico.com<\/p>\n","protected":false},"excerpt":{"rendered":"<p>Inscripci\u00f3n a la formaci\u00f3n online:<\/p>\n<p>5 Elementos, 5 Geometr\u00edas.<\/p>\n<p>Fechas de los directos en el mes de Mayo 2026:<\/p>\n<ul>\n<li>S\u00e1bados: 2, 16, 23, 30<\/li>\n<li>Domigo: 9<\/li>\n<\/ul>\n<p>Horario:<\/p>\n<ul>\n<li>De 16hs a 19hs (Horario de Espa\u00f1a)<\/li>\n<\/ul>\n<p><strong>IMPORTANTE: Leer la descripci\u00f3n de m\u00e1s abajo.<\/strong><\/p>\n","protected":false},"featured_media":1630,"comment_status":"open","ping_status":"closed","template":"","meta":{"_acf_changed":false},"product_brand":[],"product_cat":[40],"product_tag":[],"class_list":{"0":"post-1629","1":"product","2":"type-product","3":"status-publish","4":"has-post-thumbnail","6":"product_cat-formacion","8":"first","9":"instock","10":"virtual","11":"taxable","12":"purchasable","13":"product-type-simple"},"acf":[],"_links":{"self":[{"href":"https:\/\/tienda.360armonico.com\/index.php\/wp-json\/wp\/v2\/product\/1629","targetHints":{"allow":["GET"]}}],"collection":[{"href":"https:\/\/tienda.360armonico.com\/index.php\/wp-json\/wp\/v2\/product"}],"about":[{"href":"https:\/\/tienda.360armonico.com\/index.php\/wp-json\/wp\/v2\/types\/product"}],"replies":[{"embeddable":true,"href":"https:\/\/tienda.360armonico.com\/index.php\/wp-json\/wp\/v2\/comments?post=1629"}],"wp:featuredmedia":[{"embeddable":true,"href":"https:\/\/tienda.360armonico.com\/index.php\/wp-json\/wp\/v2\/media\/1630"}],"wp:attachment":[{"href":"https:\/\/tienda.360armonico.com\/index.php\/wp-json\/wp\/v2\/media?parent=1629"}],"wp:term":[{"taxonomy":"product_brand","embeddable":true,"href":"https:\/\/tienda.360armonico.com\/index.php\/wp-json\/wp\/v2\/product_brand?post=1629"},{"taxonomy":"product_cat","embeddable":true,"href":"https:\/\/tienda.360armonico.com\/index.php\/wp-json\/wp\/v2\/product_cat?post=1629"},{"taxonomy":"product_tag","embeddable":true,"href":"https:\/\/tienda.360armonico.com\/index.php\/wp-json\/wp\/v2\/product_tag?post=1629"}],"curies":[{"name":"wp","href":"https:\/\/api.w.org\/{rel}","templated":true}]}}