{"id":1356,"date":"2025-12-11T13:12:37","date_gmt":"2025-12-11T12:12:37","guid":{"rendered":"https:\/\/tienda.360armonico.com\/?post_type=product&#038;p=1356"},"modified":"2025-12-11T13:56:44","modified_gmt":"2025-12-11T12:56:44","slug":"semilla-de-la-vida","status":"publish","type":"product","link":"https:\/\/tienda.360armonico.com\/index.php\/producto\/semilla-de-la-vida\/","title":{"rendered":"Pentaflor"},"content":{"rendered":"<p class=\"p1\">La <span class=\"s1\"><b>Pentaflor<\/b><\/span> es una geometr\u00eda derivada de la secuencia \u00e1urea y del pentagrama, s\u00edmbolo ancestral de armon\u00eda, salud y proporci\u00f3n divina. Representa el <span class=\"s1\"><b>orden natural de la vida<\/b><\/span>, el equilibrio entre cuerpo, mente y esp\u00edritu, y la expansi\u00f3n de la energ\u00eda desde el centro hacia todas las direcciones.<\/p>\n<p class=\"p1\">Su vibraci\u00f3n favorece la <span class=\"s1\"><b>coherencia emocional<\/b><\/span>, la creatividad y la conexi\u00f3n con la belleza interior.<\/p>\n<p class=\"p1\">Es ideal para armonizar espacios, fortalecer la autoestima, atraer equilibrio y activar la energ\u00eda del coraz\u00f3n.<\/p>\n<p class=\"p1\">Una figura sencilla y poderosa que te recuerda que <span class=\"s1\"><b>la vida florece cuando vuelves a tu centro<\/b><\/span>.<\/p>\n<p>Con este producto adquieres la Pentaflor de 20 cm, la ficha y una meditaci\u00f3n para trabajar esta Geometr\u00eda.<\/p>\n","protected":false},"excerpt":{"rendered":"<p class=\"p1\">La <span class=\"s1\"><b>Pentaflor<\/b><\/span> es una geometr\u00eda basada en la proporci\u00f3n \u00e1urea que armoniza, ordena y eleva la energ\u00eda. Favorece la coherencia emocional, la creatividad y la conexi\u00f3n con la belleza interior.<\/p>\n<p class=\"p3\"><span class=\"s2\">Un s\u00edmbolo simple y poderoso para <\/span><b>volver al equilibrio y florecer desde dentro<\/b><span class=\"s2\">.<\/span><\/p>\n","protected":false},"featured_media":1150,"comment_status":"open","ping_status":"closed","template":"","meta":{"_acf_changed":false},"product_brand":[],"product_cat":[35,20,21,39,53,49,30,31,72],"product_tag":[],"class_list":{"0":"post-1356","1":"product","2":"type-product","3":"status-publish","4":"has-post-thumbnail","6":"product_cat-calma-y-serenidad","7":"product_cat-coherencia","8":"product_cat-comprension","9":"product_cat-equilibrio-biomagnetico","10":"product_cat-equilibrio-emocional","11":"product_cat-equilibrio-llama-trina","12":"product_cat-geometria","13":"product_cat-geometria-sagrada","14":"product_cat-hogar","15":"product_shipping_class-estandar-plus-848","17":"first","18":"instock","19":"taxable","20":"shipping-taxable","21":"purchasable","22":"product-type-variable"},"acf":[],"_links":{"self":[{"href":"https:\/\/tienda.360armonico.com\/index.php\/wp-json\/wp\/v2\/product\/1356","targetHints":{"allow":["GET"]}}],"collection":[{"href":"https:\/\/tienda.360armonico.com\/index.php\/wp-json\/wp\/v2\/product"}],"about":[{"href":"https:\/\/tienda.360armonico.com\/index.php\/wp-json\/wp\/v2\/types\/product"}],"replies":[{"embeddable":true,"href":"https:\/\/tienda.360armonico.com\/index.php\/wp-json\/wp\/v2\/comments?post=1356"}],"wp:featuredmedia":[{"embeddable":true,"href":"https:\/\/tienda.360armonico.com\/index.php\/wp-json\/wp\/v2\/media\/1150"}],"wp:attachment":[{"href":"https:\/\/tienda.360armonico.com\/index.php\/wp-json\/wp\/v2\/media?parent=1356"}],"wp:term":[{"taxonomy":"product_brand","embeddable":true,"href":"https:\/\/tienda.360armonico.com\/index.php\/wp-json\/wp\/v2\/product_brand?post=1356"},{"taxonomy":"product_cat","embeddable":true,"href":"https:\/\/tienda.360armonico.com\/index.php\/wp-json\/wp\/v2\/product_cat?post=1356"},{"taxonomy":"product_tag","embeddable":true,"href":"https:\/\/tienda.360armonico.com\/index.php\/wp-json\/wp\/v2\/product_tag?post=1356"}],"curies":[{"name":"wp","href":"https:\/\/api.w.org\/{rel}","templated":true}]}}