{"id":1352,"date":"2025-12-11T12:35:28","date_gmt":"2025-12-11T11:35:28","guid":{"rendered":"https:\/\/tienda.360armonico.com\/?post_type=product&#038;p=1352"},"modified":"2025-12-11T13:35:45","modified_gmt":"2025-12-11T12:35:45","slug":"kit-punto-cero","status":"publish","type":"product","link":"https:\/\/tienda.360armonico.com\/index.php\/producto\/kit-punto-cero\/","title":{"rendered":"Kit Punto Cero"},"content":{"rendered":"<p class=\"p1\">El <span class=\"s1\"><b>Kit Punto Cero<\/b><\/span> es una herramienta energ\u00e9tica que combina dos geometr\u00edas sagradas para ayudarte a soltar lo que ya no necesitas y abrir espacio para nuevas intenciones.<\/p>\n<p class=\"p1\">El <span class=\"s1\"><b>Cuboctaedro<\/b><\/span> act\u00faa como un vac\u00edo f\u00e9rtil que neutraliza y transforma cargas emocionales, patrones limitantes o tensiones internas.<\/p>\n<p class=\"p1\">La <span class=\"s1\"><b>Matriz Isotr\u00f3pica<\/b><\/span>, por su parte, reorganiza tu energ\u00eda y sostiene la manifestaci\u00f3n de nuevos proyectos, h\u00e1bitos o deseos.<\/p>\n<p class=\"p1\">El kit incluye las dos figuras Geom\u00e9tricas de 4 cm, las fichas de cada uno de los productos y la <span class=\"s1\"><b>Meditaci\u00f3n \u201cEl Vac\u00edo que Crea\u201d<\/b><\/span>, un viaje guiado que te acompa\u00f1a a liberar lo viejo, entrar en un punto cero y sembrar una nueva semilla en tu campo energ\u00e9tico.<\/p>\n<p class=\"p1\">Es ideal para inicios de ciclo, rituales personales, procesos de transformaci\u00f3n y momentos clave en los que quieras <span class=\"s1\"><b>soltar, renacer y manifestar desde la coherencia<\/b><\/span>.<\/p>\n","protected":false},"excerpt":{"rendered":"<p>Este kit de Punto Cero contiene las dos figuras Geom\u00e9tricas de 4 cm, las fichas de cada uno de los productos y la <span class=\"s1\"><b>Meditaci\u00f3n \u201cEl Vac\u00edo que Crea\u201d<\/b><\/span><\/p>\n","protected":false},"featured_media":1153,"comment_status":"open","ping_status":"closed","template":"","meta":{"_acf_changed":false},"product_brand":[],"product_cat":[47,35,20,39,38,53,49,73],"product_tag":[],"class_list":{"0":"post-1352","1":"product","2":"type-product","3":"status-publish","4":"has-post-thumbnail","6":"product_cat-atraccion-y-manifestacion","7":"product_cat-calma-y-serenidad","8":"product_cat-coherencia","9":"product_cat-equilibrio-biomagnetico","10":"product_cat-equilibrio-chackra-4","11":"product_cat-equilibrio-emocional","12":"product_cat-equilibrio-llama-trina","13":"product_cat-kit","14":"product_shipping_class-estandar-653","16":"first","17":"instock","18":"taxable","19":"shipping-taxable","20":"purchasable","21":"product-type-variable"},"acf":[],"_links":{"self":[{"href":"https:\/\/tienda.360armonico.com\/index.php\/wp-json\/wp\/v2\/product\/1352","targetHints":{"allow":["GET"]}}],"collection":[{"href":"https:\/\/tienda.360armonico.com\/index.php\/wp-json\/wp\/v2\/product"}],"about":[{"href":"https:\/\/tienda.360armonico.com\/index.php\/wp-json\/wp\/v2\/types\/product"}],"replies":[{"embeddable":true,"href":"https:\/\/tienda.360armonico.com\/index.php\/wp-json\/wp\/v2\/comments?post=1352"}],"wp:featuredmedia":[{"embeddable":true,"href":"https:\/\/tienda.360armonico.com\/index.php\/wp-json\/wp\/v2\/media\/1153"}],"wp:attachment":[{"href":"https:\/\/tienda.360armonico.com\/index.php\/wp-json\/wp\/v2\/media?parent=1352"}],"wp:term":[{"taxonomy":"product_brand","embeddable":true,"href":"https:\/\/tienda.360armonico.com\/index.php\/wp-json\/wp\/v2\/product_brand?post=1352"},{"taxonomy":"product_cat","embeddable":true,"href":"https:\/\/tienda.360armonico.com\/index.php\/wp-json\/wp\/v2\/product_cat?post=1352"},{"taxonomy":"product_tag","embeddable":true,"href":"https:\/\/tienda.360armonico.com\/index.php\/wp-json\/wp\/v2\/product_tag?post=1352"}],"curies":[{"name":"wp","href":"https:\/\/api.w.org\/{rel}","templated":true}]}}