{"id":1346,"date":"2025-12-11T12:01:02","date_gmt":"2025-12-11T11:01:02","guid":{"rendered":"https:\/\/tienda.360armonico.com\/?post_type=product&#038;p=1346"},"modified":"2025-12-11T12:47:17","modified_gmt":"2025-12-11T11:47:17","slug":"kit-solidos-catalan","status":"publish","type":"product","link":"https:\/\/tienda.360armonico.com\/index.php\/producto\/kit-solidos-catalan\/","title":{"rendered":"Kit S\u00f3lidos Catal\u00e1n"},"content":{"rendered":"<p>Este Kit viene con las piezas de los S\u00f3lidos Catal\u00e1n del tama\u00f1o elegido y las fichas de cada figura con su meditaci\u00f3n espec\u00edfica.<\/p>\n","protected":false},"excerpt":{"rendered":"<p>Este Kit contiene:<\/p>\n<ul>\n<li>Triakis Tetraedro<\/li>\n<li>Tetrakis Hexaedro<\/li>\n<li>Triakis Octaedro<\/li>\n<li>Triakis Icosaedro<\/li>\n<li>Pentakis Dodecaedro<\/li>\n<\/ul>\n","protected":false},"featured_media":1349,"comment_status":"open","ping_status":"closed","template":"","meta":{"_acf_changed":false},"product_brand":[],"product_cat":[73,80],"product_tag":[],"class_list":{"0":"post-1346","1":"product","2":"type-product","3":"status-publish","4":"has-post-thumbnail","6":"product_cat-kit","7":"product_cat-solidos-catalan","8":"product_shipping_class-estandar-653","10":"first","11":"instock","12":"taxable","13":"shipping-taxable","14":"purchasable","15":"product-type-variable"},"acf":[],"_links":{"self":[{"href":"https:\/\/tienda.360armonico.com\/index.php\/wp-json\/wp\/v2\/product\/1346","targetHints":{"allow":["GET"]}}],"collection":[{"href":"https:\/\/tienda.360armonico.com\/index.php\/wp-json\/wp\/v2\/product"}],"about":[{"href":"https:\/\/tienda.360armonico.com\/index.php\/wp-json\/wp\/v2\/types\/product"}],"replies":[{"embeddable":true,"href":"https:\/\/tienda.360armonico.com\/index.php\/wp-json\/wp\/v2\/comments?post=1346"}],"wp:featuredmedia":[{"embeddable":true,"href":"https:\/\/tienda.360armonico.com\/index.php\/wp-json\/wp\/v2\/media\/1349"}],"wp:attachment":[{"href":"https:\/\/tienda.360armonico.com\/index.php\/wp-json\/wp\/v2\/media?parent=1346"}],"wp:term":[{"taxonomy":"product_brand","embeddable":true,"href":"https:\/\/tienda.360armonico.com\/index.php\/wp-json\/wp\/v2\/product_brand?post=1346"},{"taxonomy":"product_cat","embeddable":true,"href":"https:\/\/tienda.360armonico.com\/index.php\/wp-json\/wp\/v2\/product_cat?post=1346"},{"taxonomy":"product_tag","embeddable":true,"href":"https:\/\/tienda.360armonico.com\/index.php\/wp-json\/wp\/v2\/product_tag?post=1346"}],"curies":[{"name":"wp","href":"https:\/\/api.w.org\/{rel}","templated":true}]}}