{"id":1343,"date":"2025-12-11T11:54:01","date_gmt":"2025-12-11T10:54:01","guid":{"rendered":"https:\/\/tienda.360armonico.com\/?post_type=product&#038;p=1343"},"modified":"2025-12-11T11:57:03","modified_gmt":"2025-12-11T10:57:03","slug":"pentakis-dodecaedro","status":"publish","type":"product","link":"https:\/\/tienda.360armonico.com\/index.php\/producto\/pentakis-dodecaedro\/","title":{"rendered":"Pentakis Dodecaedro"},"content":{"rendered":"<p>Incluye la figura impresa del tama\u00f1o elegido y la ficha t\u00e9cnica + meditaci\u00f3n espec\u00edfica de la figura<\/p>\n","protected":false},"excerpt":{"rendered":"<p>Impresi\u00f3n 3D con PLA. El Triaquisoctaedro est\u00e1 relacionado con el elemento Metal. Esta Geometr\u00eda tiene muchas aplicaciones entre ellas,\u00a0 nos ayuda a trabajar la alineaci\u00f3n del nuestros dos Cristal Sol, la Llama Trina y la Pineal.<\/p>\n","protected":false},"featured_media":1162,"comment_status":"open","ping_status":"closed","template":"","meta":{"_acf_changed":false},"product_brand":[],"product_cat":[35,20,41,37,25,29,30,56,60,69,80],"product_tag":[],"class_list":{"0":"post-1343","1":"product","2":"type-product","3":"status-publish","4":"has-post-thumbnail","6":"product_cat-calma-y-serenidad","7":"product_cat-coherencia","8":"product_cat-confianza","9":"product_cat-creatividad","10":"product_cat-elemento-madera","11":"product_cat-equilibrio-chakra-8","12":"product_cat-geometria","13":"product_cat-intuicion","14":"product_cat-percepcion","15":"product_cat-resistencia","16":"product_cat-solidos-catalan","17":"product_shipping_class-estandar-653","19":"first","20":"instock","21":"taxable","22":"shipping-taxable","23":"purchasable","24":"product-type-variable"},"acf":[],"_links":{"self":[{"href":"https:\/\/tienda.360armonico.com\/index.php\/wp-json\/wp\/v2\/product\/1343","targetHints":{"allow":["GET"]}}],"collection":[{"href":"https:\/\/tienda.360armonico.com\/index.php\/wp-json\/wp\/v2\/product"}],"about":[{"href":"https:\/\/tienda.360armonico.com\/index.php\/wp-json\/wp\/v2\/types\/product"}],"replies":[{"embeddable":true,"href":"https:\/\/tienda.360armonico.com\/index.php\/wp-json\/wp\/v2\/comments?post=1343"}],"wp:featuredmedia":[{"embeddable":true,"href":"https:\/\/tienda.360armonico.com\/index.php\/wp-json\/wp\/v2\/media\/1162"}],"wp:attachment":[{"href":"https:\/\/tienda.360armonico.com\/index.php\/wp-json\/wp\/v2\/media?parent=1343"}],"wp:term":[{"taxonomy":"product_brand","embeddable":true,"href":"https:\/\/tienda.360armonico.com\/index.php\/wp-json\/wp\/v2\/product_brand?post=1343"},{"taxonomy":"product_cat","embeddable":true,"href":"https:\/\/tienda.360armonico.com\/index.php\/wp-json\/wp\/v2\/product_cat?post=1343"},{"taxonomy":"product_tag","embeddable":true,"href":"https:\/\/tienda.360armonico.com\/index.php\/wp-json\/wp\/v2\/product_tag?post=1343"}],"curies":[{"name":"wp","href":"https:\/\/api.w.org\/{rel}","templated":true}]}}