{"id":1340,"date":"2025-12-11T11:50:32","date_gmt":"2025-12-11T10:50:32","guid":{"rendered":"https:\/\/tienda.360armonico.com\/?post_type=product&#038;p=1340"},"modified":"2025-12-11T11:57:49","modified_gmt":"2025-12-11T10:57:49","slug":"tetrakis-hexaedro","status":"publish","type":"product","link":"https:\/\/tienda.360armonico.com\/index.php\/producto\/tetrakis-hexaedro\/","title":{"rendered":"Tetrakis Hexaedro"},"content":{"rendered":"<p>Incluye la figura impresa del tama\u00f1o elegido y la ficha t\u00e9cnica + meditaci\u00f3n espec\u00edfica de la figura<\/p>\n","protected":false},"excerpt":{"rendered":"<p>Impresi\u00f3n 3D con PLA. El Triaquisoctaedro est\u00e1 relacionado con el elemento Metal. Esta Geometr\u00eda tiene muchas aplicaciones entre ellas,\u00a0 nos ayuda a trabajar la alineaci\u00f3n del nuestros dos Cristal Sol, la Llama Trina y la Pineal.<\/p>\n","protected":false},"featured_media":1159,"comment_status":"open","ping_status":"closed","template":"","meta":{"_acf_changed":false},"product_brand":[],"product_cat":[47,35,20,21,41,44,27,42,38,30,80],"product_tag":[],"class_list":{"0":"post-1340","1":"product","2":"type-product","3":"status-publish","4":"has-post-thumbnail","6":"product_cat-atraccion-y-manifestacion","7":"product_cat-calma-y-serenidad","8":"product_cat-coherencia","9":"product_cat-comprension","10":"product_cat-confianza","11":"product_cat-constancia","12":"product_cat-elemento-tierra","13":"product_cat-equilibrio-chackra-1","14":"product_cat-equilibrio-chackra-4","15":"product_cat-geometria","16":"product_cat-solidos-catalan","17":"product_shipping_class-estandar-653","19":"first","20":"instock","21":"taxable","22":"shipping-taxable","23":"purchasable","24":"product-type-variable"},"acf":[],"_links":{"self":[{"href":"https:\/\/tienda.360armonico.com\/index.php\/wp-json\/wp\/v2\/product\/1340","targetHints":{"allow":["GET"]}}],"collection":[{"href":"https:\/\/tienda.360armonico.com\/index.php\/wp-json\/wp\/v2\/product"}],"about":[{"href":"https:\/\/tienda.360armonico.com\/index.php\/wp-json\/wp\/v2\/types\/product"}],"replies":[{"embeddable":true,"href":"https:\/\/tienda.360armonico.com\/index.php\/wp-json\/wp\/v2\/comments?post=1340"}],"wp:featuredmedia":[{"embeddable":true,"href":"https:\/\/tienda.360armonico.com\/index.php\/wp-json\/wp\/v2\/media\/1159"}],"wp:attachment":[{"href":"https:\/\/tienda.360armonico.com\/index.php\/wp-json\/wp\/v2\/media?parent=1340"}],"wp:term":[{"taxonomy":"product_brand","embeddable":true,"href":"https:\/\/tienda.360armonico.com\/index.php\/wp-json\/wp\/v2\/product_brand?post=1340"},{"taxonomy":"product_cat","embeddable":true,"href":"https:\/\/tienda.360armonico.com\/index.php\/wp-json\/wp\/v2\/product_cat?post=1340"},{"taxonomy":"product_tag","embeddable":true,"href":"https:\/\/tienda.360armonico.com\/index.php\/wp-json\/wp\/v2\/product_tag?post=1340"}],"curies":[{"name":"wp","href":"https:\/\/api.w.org\/{rel}","templated":true}]}}