{"id":1337,"date":"2025-12-11T11:48:43","date_gmt":"2025-12-11T10:48:43","guid":{"rendered":"https:\/\/tienda.360armonico.com\/?post_type=product&#038;p=1337"},"modified":"2025-12-11T11:58:50","modified_gmt":"2025-12-11T10:58:50","slug":"triakis-tetraedro","status":"publish","type":"product","link":"https:\/\/tienda.360armonico.com\/index.php\/producto\/triakis-tetraedro\/","title":{"rendered":"Triakis Tetraedro"},"content":{"rendered":"<p>Incluye la figura impresa del tama\u00f1o elegido y la ficha t\u00e9cnica + meditaci\u00f3n espec\u00edfica de la figura<\/p>\n","protected":false},"excerpt":{"rendered":"<p>Impresi\u00f3n 3D con PLA. El Triaquisoctaedro est\u00e1 relacionado con el elemento Metal. Esta Geometr\u00eda tiene muchas aplicaciones entre ellas,\u00a0 nos ayuda a trabajar la alineaci\u00f3n del nuestros dos Cristal Sol, la Llama Trina y la Pineal.<\/p>\n","protected":false},"featured_media":1167,"comment_status":"open","ping_status":"closed","template":"","meta":{"_acf_changed":false},"product_brand":[],"product_cat":[47,48,54,37,24,42,38,58,30,80],"product_tag":[],"class_list":{"0":"post-1337","1":"product","2":"type-product","3":"status-publish","4":"has-post-thumbnail","6":"product_cat-atraccion-y-manifestacion","7":"product_cat-carisma-e-influencia","8":"product_cat-comunicacion","9":"product_cat-creatividad","10":"product_cat-elemento-fuego","11":"product_cat-equilibrio-chackra-1","12":"product_cat-equilibrio-chackra-4","13":"product_cat-flexibilidad-mental","14":"product_cat-geometria","15":"product_cat-solidos-catalan","16":"product_shipping_class-estandar-653","18":"first","19":"instock","20":"taxable","21":"shipping-taxable","22":"purchasable","23":"product-type-variable"},"acf":[],"_links":{"self":[{"href":"https:\/\/tienda.360armonico.com\/index.php\/wp-json\/wp\/v2\/product\/1337","targetHints":{"allow":["GET"]}}],"collection":[{"href":"https:\/\/tienda.360armonico.com\/index.php\/wp-json\/wp\/v2\/product"}],"about":[{"href":"https:\/\/tienda.360armonico.com\/index.php\/wp-json\/wp\/v2\/types\/product"}],"replies":[{"embeddable":true,"href":"https:\/\/tienda.360armonico.com\/index.php\/wp-json\/wp\/v2\/comments?post=1337"}],"wp:featuredmedia":[{"embeddable":true,"href":"https:\/\/tienda.360armonico.com\/index.php\/wp-json\/wp\/v2\/media\/1167"}],"wp:attachment":[{"href":"https:\/\/tienda.360armonico.com\/index.php\/wp-json\/wp\/v2\/media?parent=1337"}],"wp:term":[{"taxonomy":"product_brand","embeddable":true,"href":"https:\/\/tienda.360armonico.com\/index.php\/wp-json\/wp\/v2\/product_brand?post=1337"},{"taxonomy":"product_cat","embeddable":true,"href":"https:\/\/tienda.360armonico.com\/index.php\/wp-json\/wp\/v2\/product_cat?post=1337"},{"taxonomy":"product_tag","embeddable":true,"href":"https:\/\/tienda.360armonico.com\/index.php\/wp-json\/wp\/v2\/product_tag?post=1337"}],"curies":[{"name":"wp","href":"https:\/\/api.w.org\/{rel}","templated":true}]}}