{"id":1158,"date":"2025-12-07T19:43:52","date_gmt":"2025-12-07T18:43:52","guid":{"rendered":"https:\/\/tienda.360armonico.com\/?post_type=product&#038;p=1158"},"modified":"2025-12-11T11:53:50","modified_gmt":"2025-12-11T10:53:50","slug":"flor-de-la-vida","status":"publish","type":"product","link":"https:\/\/tienda.360armonico.com\/index.php\/producto\/flor-de-la-vida\/","title":{"rendered":"Flor de la Vida"},"content":{"rendered":"<p>Figura de diferentes tama\u00f1os, \u00a0con ficha t\u00e9cnica + protocolo de uso.<\/p>\n","protected":false},"excerpt":{"rendered":"<p class=\"p1\">La <span class=\"s1\"><b>Flor de la Vida<\/b><\/span> es un s\u00edmbolo de Geometr\u00eda Sagrada utilizado desde la antig\u00fcedad para elevar la vibraci\u00f3n, proteger y armonizar espacios y objetos.<\/p>\n<p class=\"p1\">Esta pieza incluye un <span class=\"s1\"><b>Protocolo de Conexi\u00f3n con el Universo<\/b><\/span>, una pr\u00e1ctica sencilla en la que sostienes la Flor de la Vida entre las manos para activar su energ\u00eda y potenciar tu equilibrio interno. Ideal para acompa\u00f1ar meditaciones, rituales, potenciar minerales o simplemente armonizar tu hogar.<\/p>\n<p class=\"p1\">Un aliado energ\u00e9tico que te ayuda a reconectar con tu esencia y con la armon\u00eda universal.<\/p>\n","protected":false},"featured_media":1145,"comment_status":"open","ping_status":"closed","template":"","meta":{"_acf_changed":false},"product_brand":[],"product_cat":[35,20,21,36,37,23,24,25,26,27,38,29,30,31,72,32],"product_tag":[],"class_list":{"0":"post-1158","1":"product","2":"type-product","3":"status-publish","4":"has-post-thumbnail","6":"product_cat-calma-y-serenidad","7":"product_cat-coherencia","8":"product_cat-comprension","9":"product_cat-conexion-sutil","10":"product_cat-creatividad","11":"product_cat-elemento-agua","12":"product_cat-elemento-fuego","13":"product_cat-elemento-madera","14":"product_cat-elemento-metal","15":"product_cat-elemento-tierra","16":"product_cat-equilibrio-chackra-4","17":"product_cat-equilibrio-chakra-8","18":"product_cat-geometria","19":"product_cat-geometria-sagrada","20":"product_cat-hogar","21":"product_cat-sentido-de-vida","22":"product_shipping_class-estandar-plus-848","24":"first","25":"instock","26":"taxable","27":"shipping-taxable","28":"purchasable","29":"product-type-variable"},"acf":[],"_links":{"self":[{"href":"https:\/\/tienda.360armonico.com\/index.php\/wp-json\/wp\/v2\/product\/1158","targetHints":{"allow":["GET"]}}],"collection":[{"href":"https:\/\/tienda.360armonico.com\/index.php\/wp-json\/wp\/v2\/product"}],"about":[{"href":"https:\/\/tienda.360armonico.com\/index.php\/wp-json\/wp\/v2\/types\/product"}],"replies":[{"embeddable":true,"href":"https:\/\/tienda.360armonico.com\/index.php\/wp-json\/wp\/v2\/comments?post=1158"}],"wp:featuredmedia":[{"embeddable":true,"href":"https:\/\/tienda.360armonico.com\/index.php\/wp-json\/wp\/v2\/media\/1145"}],"wp:attachment":[{"href":"https:\/\/tienda.360armonico.com\/index.php\/wp-json\/wp\/v2\/media?parent=1158"}],"wp:term":[{"taxonomy":"product_brand","embeddable":true,"href":"https:\/\/tienda.360armonico.com\/index.php\/wp-json\/wp\/v2\/product_brand?post=1158"},{"taxonomy":"product_cat","embeddable":true,"href":"https:\/\/tienda.360armonico.com\/index.php\/wp-json\/wp\/v2\/product_cat?post=1158"},{"taxonomy":"product_tag","embeddable":true,"href":"https:\/\/tienda.360armonico.com\/index.php\/wp-json\/wp\/v2\/product_tag?post=1158"}],"curies":[{"name":"wp","href":"https:\/\/api.w.org\/{rel}","templated":true}]}}