{"id":1060,"date":"2025-12-06T13:01:57","date_gmt":"2025-12-06T12:01:57","guid":{"rendered":"https:\/\/tienda.360armonico.com\/?post_type=product&#038;p=1060"},"modified":"2025-12-07T19:44:17","modified_gmt":"2025-12-07T18:44:17","slug":"geometria-natal","status":"publish","type":"product","link":"https:\/\/tienda.360armonico.com\/index.php\/producto\/geometria-natal\/","title":{"rendered":"Geometr\u00eda Natal"},"content":{"rendered":"","protected":false},"excerpt":{"rendered":"<p>Al solicitar tu Geometr\u00eda Natal recibir\u00e1s:<\/p>\n<p>\u2022 Tu figura geom\u00e9trica personalizada, creada a partir de tu conjunci\u00f3n energ\u00e9tica.<\/p>\n<p>\u2022 Una breve explicaci\u00f3n sobre el significado de tu forma y la manera en que refleja tu modo natural de ordenarte, procesar y reequilibrarte.<\/p>\n<p>\u2022 Una peque\u00f1a meditaci\u00f3n guiada, dise\u00f1ada para ayudarte a reconocer esa estructura en tu interior y entrar en resonancia con su equilibrio.<\/p>\n<p><strong>**AHORA CON LOS GASTOS DE ENV\u00cdO GRATUITOS**<\/strong><\/p>\n","protected":false},"featured_media":1061,"comment_status":"open","ping_status":"closed","template":"","meta":{"_acf_changed":false},"product_brand":[],"product_cat":[77],"product_tag":[],"class_list":{"0":"post-1060","1":"product","2":"type-product","3":"status-publish","4":"has-post-thumbnail","6":"product_cat-servicios","8":"first","9":"instock","10":"taxable","11":"shipping-taxable","12":"purchasable","13":"product-type-simple"},"acf":[],"_links":{"self":[{"href":"https:\/\/tienda.360armonico.com\/index.php\/wp-json\/wp\/v2\/product\/1060","targetHints":{"allow":["GET"]}}],"collection":[{"href":"https:\/\/tienda.360armonico.com\/index.php\/wp-json\/wp\/v2\/product"}],"about":[{"href":"https:\/\/tienda.360armonico.com\/index.php\/wp-json\/wp\/v2\/types\/product"}],"replies":[{"embeddable":true,"href":"https:\/\/tienda.360armonico.com\/index.php\/wp-json\/wp\/v2\/comments?post=1060"}],"wp:featuredmedia":[{"embeddable":true,"href":"https:\/\/tienda.360armonico.com\/index.php\/wp-json\/wp\/v2\/media\/1061"}],"wp:attachment":[{"href":"https:\/\/tienda.360armonico.com\/index.php\/wp-json\/wp\/v2\/media?parent=1060"}],"wp:term":[{"taxonomy":"product_brand","embeddable":true,"href":"https:\/\/tienda.360armonico.com\/index.php\/wp-json\/wp\/v2\/product_brand?post=1060"},{"taxonomy":"product_cat","embeddable":true,"href":"https:\/\/tienda.360armonico.com\/index.php\/wp-json\/wp\/v2\/product_cat?post=1060"},{"taxonomy":"product_tag","embeddable":true,"href":"https:\/\/tienda.360armonico.com\/index.php\/wp-json\/wp\/v2\/product_tag?post=1060"}],"curies":[{"name":"wp","href":"https:\/\/api.w.org\/{rel}","templated":true}]}}