{"id":1131,"date":"2025-12-07T19:23:40","date_gmt":"2025-12-07T18:23:40","guid":{"rendered":"https:\/\/tienda.360armonico.com\/?page_id=1131"},"modified":"2025-12-07T19:27:19","modified_gmt":"2025-12-07T18:27:19","slug":"tienda","status":"publish","type":"page","link":"https:\/\/tienda.360armonico.com\/index.php\/tienda\/","title":{"rendered":"Tienda"},"content":{"rendered":"\t\t<div data-elementor-type=\"wp-page\" data-elementor-id=\"1131\" class=\"elementor elementor-1131\">\n\t\t\t\t<div class=\"elementor-element elementor-element-9a94bb9 e-flex e-con-boxed e-con e-parent\" data-id=\"9a94bb9\" data-element_type=\"container\" data-e-type=\"container\">\n\t\t\t\t\t<div class=\"e-con-inner\">\n\t\t\t\t<div class=\"elementor-element elementor-element-49b449a raven-pagination-page_based raven-allow-ordering-show raven-result-count-show elementor-widget elementor-widget-raven-wc-products\" data-id=\"49b449a\" data-element_type=\"widget\" data-e-type=\"widget\" data-settings=\"{&quot;query_orderby&quot;:&quot;rand&quot;,&quot;rows&quot;:&quot;5&quot;,&quot;show_pagination&quot;:&quot;yes&quot;,&quot;layout&quot;:&quot;default&quot;,&quot;columns&quot;:&quot;3&quot;,&quot;pagination_type&quot;:&quot;page_based&quot;}\" data-widget_type=\"raven-wc-products.default\">\n\t\t\t\t<div class=\"elementor-widget-container\">\n\t\t\t\t\t\t\t<div\n\t\t\tclass=\"raven-wc-products-wrapper raven-wc-products-default\"\n\t\t\tdata-settings=\"{&quot;layout&quot;:&quot;default&quot;,&quot;total_pages&quot;:3,&quot;image_size&quot;:&quot;woocommerce_thumbnail&quot;,&quot;atc_button&quot;:&quot;&quot;}\"\n\t\t\tdata-query=\"{&quot;fallback_filter&quot;:null,&quot;\\u0000*\\u0000type&quot;:&quot;products&quot;,&quot;\\u0000*\\u0000attributes&quot;:{&quot;limit&quot;:15,&quot;columns&quot;:&quot;3&quot;,&quot;rows&quot;:&quot;5&quot;,&quot;orderby&quot;:&quot;rand&quot;,&quot;order&quot;:&quot;DESC&quot;,&quot;ids&quot;:&quot;&quot;,&quot;skus&quot;:&quot;&quot;,&quot;category&quot;:&quot;&quot;,&quot;cat_operator&quot;:&quot;IN&quot;,&quot;attribute&quot;:&quot;&quot;,&quot;terms&quot;:&quot;&quot;,&quot;terms_operator&quot;:&quot;IN&quot;,&quot;tag&quot;:&quot;&quot;,&quot;tag_operator&quot;:&quot;IN&quot;,&quot;visibility&quot;:&quot;visible&quot;,&quot;class&quot;:&quot;&quot;,&quot;page&quot;:1,&quot;paginate&quot;:true,&quot;cache&quot;:true,&quot;brand&quot;:&quot;&quot;,&quot;brand_operator&quot;:&quot;IN&quot;},&quot;\\u0000*\\u0000query_args&quot;:{&quot;post_type&quot;:&quot;product&quot;,&quot;post_status&quot;:&quot;publish&quot;,&quot;ignore_sticky_posts&quot;:true,&quot;no_found_rows&quot;:false,&quot;orderby&quot;:&quot;rand&quot;,&quot;order&quot;:&quot;DESC&quot;,&quot;posts_per_page&quot;:15,&quot;meta_query&quot;:[],&quot;tax_query&quot;:[{&quot;taxonomy&quot;:&quot;product_visibility&quot;,&quot;field&quot;:&quot;term_taxonomy_id&quot;,&quot;terms&quot;:[2],&quot;operator&quot;:&quot;NOT IN&quot;}],&quot;post__not_in&quot;:[&quot;1060&quot;,&quot;1001&quot;,&quot;942&quot;,&quot;959&quot;,&quot;474&quot;],&quot;fields&quot;:&quot;ids&quot;},&quot;\\u0000*\\u0000custom_visibility&quot;:false,&quot;context_id&quot;:&quot;ctx_0&quot;}\"\n\t\t\t\t\t>\n\t\t\t<h2 class=\"raven-wc-products-title\"><\/h2><div class=\"woocommerce columns-3 \"><div class=\"woocommerce-notices-wrapper\"><\/div><div class=\"raven-products-ordering-result-wrapper\"><p class=\"woocommerce-result-count\" role=\"alert\" aria-relevant=\"all\" >\n\tMostrando 1&ndash;15 de 35 resultados<\/p>\n<div class=\"raven-products-ordering-wrapper\"><form class=\"woocommerce-ordering\" method=\"get\">\n\t\t<select\n\t\tname=\"orderby\"\n\t\tclass=\"orderby\"\n\t\t\t\t\taria-label=\"Pedido de la tienda\"\n\t\t\t>\n\t\t\t\t\t<option value=\"menu_order\"  selected='selected'>Orden predeterminado<\/option>\n\t\t\t\t\t<option value=\"popularity\" >Ordenar por popularidad<\/option>\n\t\t\t\t\t<option value=\"rating\" >Ordenar por puntuaci\u00f3n media<\/option>\n\t\t\t\t\t<option value=\"date\" >Ordenar por los \u00faltimos<\/option>\n\t\t\t\t\t<option value=\"price\" >Ordenar por precio: bajo a alto<\/option>\n\t\t\t\t\t<option value=\"price-desc\" >Ordenar por precio: alto a bajo<\/option>\n\t\t\t<\/select>\n\t<input type=\"hidden\" name=\"paged\" value=\"1\" \/>\n\t<\/form>\n<svg aria-hidden=\"true\" class=\"e-font-icon-svg e-fas-chevron-down\" viewBox=\"0 0 448 512\" xmlns=\"http:\/\/www.w3.org\/2000\/svg\"><path d=\"M207.029 381.476L12.686 187.132c-9.373-9.373-9.373-24.569 0-33.941l22.667-22.667c9.357-9.357 24.522-9.375 33.901-.04L224 284.505l154.745-154.021c9.379-9.335 24.544-9.317 33.901.04l22.667 22.667c9.373 9.373 9.373 24.569 0 33.941L240.971 381.476c-9.373 9.372-24.569 9.372-33.942 0z\"><\/path><\/svg><\/div><\/div><ul class=\"products columns-3\">\n<li class=\"product type-product post-467 status-publish first instock product_cat-comprension product_cat-elemento-fuego product_cat-geometria product_cat-geometria-sagrada product_cat-hogar product_cat-sentido-de-vida product_cat-transmutacion has-post-thumbnail downloadable taxable shipping-taxable purchasable product-type-simple\">\n\t<a href=\"https:\/\/tienda.360armonico.com\/index.php\/producto\/metatron-pieza-unica\/\" class=\"woocommerce-LoopProduct-link woocommerce-loop-product__link\"><\/a><a href=\"\/index.php\/wp-json\/wp\/v2\/pages\/1131?add-to-cart=467\" aria-describedby=\"woocommerce_loop_add_to_cart_link_describedby_467\" data-quantity=\"1\" class=\"button product_type_simple add_to_cart_button ajax_add_to_cart\" data-product_id=\"467\" data-product_sku=\"10052\" aria-label=\"A\u00f1adir al carrito: &ldquo;Metatron - Pieza \u00danica&rdquo;\" rel=\"nofollow\" data-success_message=\"\u00abMetatron - Pieza \u00danica\u00bb se ha a\u00f1adido a tu carrito\" role=\"button\">A\u00f1adir al carrito<\/a>\t<span id=\"woocommerce_loop_add_to_cart_link_describedby_467\" class=\"screen-reader-text\">\n\t\t\t<\/span>\n<\/li>\n<li class=\"product type-product post-1346 status-publish instock product_cat-kit product_cat-solidos-catalan has-post-thumbnail taxable shipping-taxable purchasable product-type-variable\">\n\t<a href=\"https:\/\/tienda.360armonico.com\/index.php\/producto\/kit-solidos-catalan\/\" class=\"woocommerce-LoopProduct-link woocommerce-loop-product__link\"><\/a><a href=\"https:\/\/tienda.360armonico.com\/index.php\/producto\/kit-solidos-catalan\/\" aria-describedby=\"woocommerce_loop_add_to_cart_link_describedby_1346\" data-quantity=\"1\" class=\"button product_type_variable add_to_cart_button\" data-product_id=\"1346\" data-product_sku=\"\" aria-label=\"Elige las opciones para &ldquo;Kit S\u00f3lidos Catal\u00e1n&rdquo;\" rel=\"nofollow\">Seleccionar opciones<\/a>\t<span id=\"woocommerce_loop_add_to_cart_link_describedby_1346\" class=\"screen-reader-text\">\n\t\tEste producto tiene m\u00faltiples variantes. Las opciones se pueden elegir en la p\u00e1gina de producto\t<\/span>\n<\/li>\n<li class=\"product type-product post-378 status-publish last instock product_cat-atraccion-y-manifestacion product_cat-elemento-metal product_cat-elemento-tierra product_cat-equilibrio-chackra-3 product_cat-solidos-arquimedianos has-post-thumbnail taxable shipping-taxable purchasable product-type-variable\">\n\t<a href=\"https:\/\/tienda.360armonico.com\/index.php\/producto\/cubo-octaedro\/\" class=\"woocommerce-LoopProduct-link woocommerce-loop-product__link\"><\/a><a href=\"https:\/\/tienda.360armonico.com\/index.php\/producto\/cubo-octaedro\/\" aria-describedby=\"woocommerce_loop_add_to_cart_link_describedby_378\" data-quantity=\"1\" class=\"button product_type_variable add_to_cart_button\" data-product_id=\"378\" data-product_sku=\"9487\" aria-label=\"Elige las opciones para &ldquo;Cubo Octaedro&rdquo;\" rel=\"nofollow\">Seleccionar opciones<\/a>\t<span id=\"woocommerce_loop_add_to_cart_link_describedby_378\" class=\"screen-reader-text\">\n\t\tEste producto tiene m\u00faltiples variantes. Las opciones se pueden elegir en la p\u00e1gina de producto\t<\/span>\n<\/li>\n<li class=\"product type-product post-468 status-publish first instock product_cat-kit product_cat-solidos-platonicos has-post-thumbnail taxable shipping-taxable purchasable product-type-variable\">\n\t<a href=\"https:\/\/tienda.360armonico.com\/index.php\/producto\/kit-solidos-platonicos\/\" class=\"woocommerce-LoopProduct-link woocommerce-loop-product__link\"><\/a><a href=\"https:\/\/tienda.360armonico.com\/index.php\/producto\/kit-solidos-platonicos\/\" aria-describedby=\"woocommerce_loop_add_to_cart_link_describedby_468\" data-quantity=\"1\" class=\"button product_type_variable add_to_cart_button\" data-product_id=\"468\" data-product_sku=\"10069\" aria-label=\"Elige las opciones para &ldquo;Kit S\u00f3lidos Plat\u00f3nicos&rdquo;\" rel=\"nofollow\">Seleccionar opciones<\/a>\t<span id=\"woocommerce_loop_add_to_cart_link_describedby_468\" class=\"screen-reader-text\">\n\t\tEste producto tiene m\u00faltiples variantes. Las opciones se pueden elegir en la p\u00e1gina de producto\t<\/span>\n<\/li>\n<li class=\"product type-product post-463 status-publish outofstock product_cat-aretes product_cat-carisma-e-influencia product_cat-comprension product_cat-comunicacion product_cat-elemento-agua product_cat-equilibrio-chackra-5 product_cat-oratoria has-post-thumbnail taxable shipping-taxable purchasable product-type-simple\">\n\t<a href=\"https:\/\/tienda.360armonico.com\/index.php\/producto\/aretes-icosaedro-truncado\/\" class=\"woocommerce-LoopProduct-link woocommerce-loop-product__link\"><\/a><a href=\"https:\/\/tienda.360armonico.com\/index.php\/producto\/aretes-icosaedro-truncado\/\" aria-describedby=\"woocommerce_loop_add_to_cart_link_describedby_463\" data-quantity=\"1\" class=\"button product_type_simple\" data-product_id=\"463\" data-product_sku=\"9911\" aria-label=\"Lee m\u00e1s sobre &ldquo;Aretes Icosaedro Truncado&rdquo;\" rel=\"nofollow\" data-success_message=\"\">Leer m\u00e1s<\/a>\t<span id=\"woocommerce_loop_add_to_cart_link_describedby_463\" class=\"screen-reader-text\">\n\t\t\t<\/span>\n<\/li>\n<li class=\"product type-product post-1629 status-publish last instock product_cat-formacion has-post-thumbnail virtual taxable purchasable product-type-simple\">\n\t<a href=\"https:\/\/tienda.360armonico.com\/index.php\/producto\/5-elementos-5-geometrias-una-experiencia-interna\/\" class=\"woocommerce-LoopProduct-link woocommerce-loop-product__link\"><\/a><a href=\"\/index.php\/wp-json\/wp\/v2\/pages\/1131?add-to-cart=1629\" aria-describedby=\"woocommerce_loop_add_to_cart_link_describedby_1629\" data-quantity=\"1\" class=\"button product_type_simple add_to_cart_button ajax_add_to_cart\" data-product_id=\"1629\" data-product_sku=\"\" aria-label=\"A\u00f1adir al carrito: &ldquo;5 Elementos, 5 Geometr\u00edas - Una experiencia interna&rdquo;\" rel=\"nofollow\" data-success_message=\"\u00ab5 Elementos, 5 Geometr\u00edas - Una experiencia interna\u00bb se ha a\u00f1adido a tu carrito\" role=\"button\">A\u00f1adir al carrito<\/a>\t<span id=\"woocommerce_loop_add_to_cart_link_describedby_1629\" class=\"screen-reader-text\">\n\t\t\t<\/span>\n<\/li>\n<li class=\"product type-product post-456 status-publish first outofstock product_cat-aretes product_cat-confianza product_cat-creatividad product_cat-elemento-fuego product_cat-equilibrio-chackra-1 product_cat-transmutacion has-post-thumbnail taxable shipping-taxable purchasable product-type-simple\">\n\t<a href=\"https:\/\/tienda.360armonico.com\/index.php\/producto\/arete-tetraedro-truncado\/\" class=\"woocommerce-LoopProduct-link woocommerce-loop-product__link\"><\/a><a href=\"https:\/\/tienda.360armonico.com\/index.php\/producto\/arete-tetraedro-truncado\/\" aria-describedby=\"woocommerce_loop_add_to_cart_link_describedby_456\" data-quantity=\"1\" class=\"button product_type_simple\" data-product_id=\"456\" data-product_sku=\"9652\" aria-label=\"Lee m\u00e1s sobre &ldquo;Arete Tetraedro Truncado&rdquo;\" rel=\"nofollow\" data-success_message=\"\">Leer m\u00e1s<\/a>\t<span id=\"woocommerce_loop_add_to_cart_link_describedby_456\" class=\"screen-reader-text\">\n\t\t\t<\/span>\n<\/li>\n<li class=\"product type-product post-374 status-publish instock product_cat-coherencia product_cat-equilibrio-biomagnetico product_cat-geometria product_cat-geometria-sagrada has-post-thumbnail taxable shipping-taxable purchasable product-type-variable\">\n\t<a href=\"https:\/\/tienda.360armonico.com\/index.php\/producto\/matriz-isotropica\/\" class=\"woocommerce-LoopProduct-link woocommerce-loop-product__link\"><\/a><a href=\"https:\/\/tienda.360armonico.com\/index.php\/producto\/matriz-isotropica\/\" aria-describedby=\"woocommerce_loop_add_to_cart_link_describedby_374\" data-quantity=\"1\" class=\"button product_type_variable add_to_cart_button\" data-product_id=\"374\" data-product_sku=\"6701\" aria-label=\"Elige las opciones para &ldquo;Matriz Isotr\u00f3pica&rdquo;\" rel=\"nofollow\">Seleccionar opciones<\/a>\t<span id=\"woocommerce_loop_add_to_cart_link_describedby_374\" class=\"screen-reader-text\">\n\t\tEste producto tiene m\u00faltiples variantes. Las opciones se pueden elegir en la p\u00e1gina de producto\t<\/span>\n<\/li>\n<li class=\"product type-product post-1158 status-publish last instock product_cat-calma-y-serenidad product_cat-coherencia product_cat-comprension product_cat-conexion-sutil product_cat-creatividad product_cat-elemento-agua product_cat-elemento-fuego product_cat-elemento-madera product_cat-elemento-metal product_cat-elemento-tierra product_cat-equilibrio-chackra-4 product_cat-equilibrio-chakra-8 product_cat-geometria product_cat-geometria-sagrada product_cat-hogar product_cat-sentido-de-vida has-post-thumbnail taxable shipping-taxable purchasable product-type-variable\">\n\t<a href=\"https:\/\/tienda.360armonico.com\/index.php\/producto\/flor-de-la-vida\/\" class=\"woocommerce-LoopProduct-link woocommerce-loop-product__link\"><\/a><a href=\"https:\/\/tienda.360armonico.com\/index.php\/producto\/flor-de-la-vida\/\" aria-describedby=\"woocommerce_loop_add_to_cart_link_describedby_1158\" data-quantity=\"1\" class=\"button product_type_variable add_to_cart_button\" data-product_id=\"1158\" data-product_sku=\"\" aria-label=\"Elige las opciones para &ldquo;Flor de la Vida&rdquo;\" rel=\"nofollow\">Seleccionar opciones<\/a>\t<span id=\"woocommerce_loop_add_to_cart_link_describedby_1158\" class=\"screen-reader-text\">\n\t\tEste producto tiene m\u00faltiples variantes. Las opciones se pueden elegir en la p\u00e1gina de producto\t<\/span>\n<\/li>\n<li class=\"product type-product post-1340 status-publish first instock product_cat-atraccion-y-manifestacion product_cat-calma-y-serenidad product_cat-coherencia product_cat-comprension product_cat-confianza product_cat-constancia product_cat-elemento-tierra product_cat-equilibrio-chackra-1 product_cat-equilibrio-chackra-4 product_cat-geometria product_cat-solidos-catalan has-post-thumbnail taxable shipping-taxable purchasable product-type-variable\">\n\t<a href=\"https:\/\/tienda.360armonico.com\/index.php\/producto\/tetrakis-hexaedro\/\" class=\"woocommerce-LoopProduct-link woocommerce-loop-product__link\"><\/a><a href=\"https:\/\/tienda.360armonico.com\/index.php\/producto\/tetrakis-hexaedro\/\" aria-describedby=\"woocommerce_loop_add_to_cart_link_describedby_1340\" data-quantity=\"1\" class=\"button product_type_variable add_to_cart_button\" data-product_id=\"1340\" data-product_sku=\"\" aria-label=\"Elige las opciones para &ldquo;Tetrakis Hexaedro&rdquo;\" rel=\"nofollow\">Seleccionar opciones<\/a>\t<span id=\"woocommerce_loop_add_to_cart_link_describedby_1340\" class=\"screen-reader-text\">\n\t\tEste producto tiene m\u00faltiples variantes. Las opciones se pueden elegir en la p\u00e1gina de producto\t<\/span>\n<\/li>\n<li class=\"product type-product post-1356 status-publish instock product_cat-calma-y-serenidad product_cat-coherencia product_cat-comprension product_cat-equilibrio-biomagnetico product_cat-equilibrio-emocional product_cat-equilibrio-llama-trina product_cat-geometria product_cat-geometria-sagrada product_cat-hogar has-post-thumbnail taxable shipping-taxable purchasable product-type-variable\">\n\t<a href=\"https:\/\/tienda.360armonico.com\/index.php\/producto\/semilla-de-la-vida\/\" class=\"woocommerce-LoopProduct-link woocommerce-loop-product__link\"><\/a><a href=\"https:\/\/tienda.360armonico.com\/index.php\/producto\/semilla-de-la-vida\/\" aria-describedby=\"woocommerce_loop_add_to_cart_link_describedby_1356\" data-quantity=\"1\" class=\"button product_type_variable add_to_cart_button\" data-product_id=\"1356\" data-product_sku=\"\" aria-label=\"Elige las opciones para &ldquo;Pentaflor&rdquo;\" rel=\"nofollow\">Seleccionar opciones<\/a>\t<span id=\"woocommerce_loop_add_to_cart_link_describedby_1356\" class=\"screen-reader-text\">\n\t\tEste producto tiene m\u00faltiples variantes. Las opciones se pueden elegir en la p\u00e1gina de producto\t<\/span>\n<\/li>\n<li class=\"product type-product post-432 status-publish last instock product_cat-confianza product_cat-creatividad product_cat-elemento-fuego product_cat-solidos-platonicos product_cat-transmutacion has-post-thumbnail taxable shipping-taxable purchasable product-type-variable\">\n\t<a href=\"https:\/\/tienda.360armonico.com\/index.php\/producto\/tetraedro\/\" class=\"woocommerce-LoopProduct-link woocommerce-loop-product__link\"><\/a><a href=\"https:\/\/tienda.360armonico.com\/index.php\/producto\/tetraedro\/\" aria-describedby=\"woocommerce_loop_add_to_cart_link_describedby_432\" data-quantity=\"1\" class=\"button product_type_variable add_to_cart_button\" data-product_id=\"432\" data-product_sku=\"9589\" aria-label=\"Elige las opciones para &ldquo;Tetraedro&rdquo;\" rel=\"nofollow\">Seleccionar opciones<\/a>\t<span id=\"woocommerce_loop_add_to_cart_link_describedby_432\" class=\"screen-reader-text\">\n\t\tEste producto tiene m\u00faltiples variantes. Las opciones se pueden elegir en la p\u00e1gina de producto\t<\/span>\n<\/li>\n<li class=\"product type-product post-435 status-publish first instock product_cat-constancia product_cat-elemento-tierra product_cat-recursos-y-talentos product_cat-solidos-platonicos has-post-thumbnail taxable shipping-taxable purchasable product-type-variable\">\n\t<a href=\"https:\/\/tienda.360armonico.com\/index.php\/producto\/hexaedro\/\" class=\"woocommerce-LoopProduct-link woocommerce-loop-product__link\"><\/a><a href=\"https:\/\/tienda.360armonico.com\/index.php\/producto\/hexaedro\/\" aria-describedby=\"woocommerce_loop_add_to_cart_link_describedby_435\" data-quantity=\"1\" class=\"button product_type_variable add_to_cart_button\" data-product_id=\"435\" data-product_sku=\"9593\" aria-label=\"Elige las opciones para &ldquo;Hexaedro&rdquo;\" rel=\"nofollow\">Seleccionar opciones<\/a>\t<span id=\"woocommerce_loop_add_to_cart_link_describedby_435\" class=\"screen-reader-text\">\n\t\tEste producto tiene m\u00faltiples variantes. Las opciones se pueden elegir en la p\u00e1gina de producto\t<\/span>\n<\/li>\n<li class=\"product type-product post-409 status-publish instock product_cat-calma-y-serenidad product_cat-coherencia product_cat-comprension product_cat-elemento-metal product_cat-equilibrio-biomagnetico product_cat-equilibrio-chackra-4 product_cat-equilibrio-chackra-6 product_cat-equilibrio-emocional product_cat-equilibrio-llama-trina product_cat-solidos-catalan has-post-thumbnail taxable shipping-taxable purchasable product-type-variable\">\n\t<a href=\"https:\/\/tienda.360armonico.com\/index.php\/producto\/triaquisoctaedro\/\" class=\"woocommerce-LoopProduct-link woocommerce-loop-product__link\"><\/a><a href=\"https:\/\/tienda.360armonico.com\/index.php\/producto\/triaquisoctaedro\/\" aria-describedby=\"woocommerce_loop_add_to_cart_link_describedby_409\" data-quantity=\"1\" class=\"button product_type_variable add_to_cart_button\" data-product_id=\"409\" data-product_sku=\"9544\" aria-label=\"Elige las opciones para &ldquo;Triakis Octaedro&rdquo;\" rel=\"nofollow\">Seleccionar opciones<\/a>\t<span id=\"woocommerce_loop_add_to_cart_link_describedby_409\" class=\"screen-reader-text\">\n\t\tEste producto tiene m\u00faltiples variantes. Las opciones se pueden elegir en la p\u00e1gina de producto\t<\/span>\n<\/li>\n<li class=\"product type-product post-375 status-publish last instock product_cat-confianza product_cat-creatividad product_cat-elemento-fuego product_cat-equilibrio-chackra-1 product_cat-solidos-arquimedianos product_cat-transmutacion has-post-thumbnail taxable shipping-taxable purchasable product-type-variable\">\n\t<a href=\"https:\/\/tienda.360armonico.com\/index.php\/producto\/tetraedro-truncado\/\" class=\"woocommerce-LoopProduct-link woocommerce-loop-product__link\"><\/a><a href=\"https:\/\/tienda.360armonico.com\/index.php\/producto\/tetraedro-truncado\/\" aria-describedby=\"woocommerce_loop_add_to_cart_link_describedby_375\" data-quantity=\"1\" class=\"button product_type_variable add_to_cart_button\" data-product_id=\"375\" data-product_sku=\"9470\" aria-label=\"Elige las opciones para &ldquo;Tetraedro truncado&rdquo;\" rel=\"nofollow\">Seleccionar opciones<\/a>\t<span id=\"woocommerce_loop_add_to_cart_link_describedby_375\" class=\"screen-reader-text\">\n\t\tEste producto tiene m\u00faltiples variantes. Las opciones se pueden elegir en la p\u00e1gina de producto\t<\/span>\n<\/li>\n<\/ul>\n<nav class=\"woocommerce-pagination\" aria-label=\"Paginaci\u00f3n de producto\">\n\t<ul class='page-numbers'>\n\t<li><span aria-label=\"P\u00e1gina 1\" aria-current=\"page\" class=\"page-numbers current\">1<\/span><\/li>\n\t<li><a aria-label=\"P\u00e1gina 2\" class=\"page-numbers\" href=\"\/index.php\/wp-json\/wp\/v2\/pages\/1131?product-page=2\">2<\/a><\/li>\n\t<li><a aria-label=\"P\u00e1gina 3\" class=\"page-numbers\" href=\"\/index.php\/wp-json\/wp\/v2\/pages\/1131?product-page=3\">3<\/a><\/li>\n\t<li><a class=\"next page-numbers\" href=\"\/index.php\/wp-json\/wp\/v2\/pages\/1131?product-page=2\">&rarr;<\/a><\/li>\n<\/ul>\n<\/nav>\n<\/div>\t\t<\/div>\n\t\t\t\t\t\t<\/div>\n\t\t\t\t<\/div>\n\t\t\t\t\t<\/div>\n\t\t\t\t<\/div>\n\t\t\t\t<\/div>\n\t\t","protected":false},"excerpt":{"rendered":"<p>Mostrando 1&ndash;15 de 27 resultados Orden predeterminadoOrdenar por popularidadOrdenar por puntuaci\u00f3n mediaOrdenar por los \u00faltimosOrdenar por precio: bajo a altoOrdenar por precio: alto a bajo Aretes Estrella Tetra\u00e9drica 15,00&nbsp;&euro; IVA incl. A\u00f1adir al carrito Matriz Isotr\u00f3pica 5,00&nbsp;&euro; &#8211; 10,00&nbsp;&euro;Rango de precios: desde 5,00&nbsp;&euro; hasta 10,00&nbsp;&euro; IVA incl. Seleccionar opciones Este producto tiene m\u00faltiples variantes. Las [&hellip;]<\/p>\n","protected":false},"author":1,"featured_media":0,"parent":0,"menu_order":0,"comment_status":"closed","ping_status":"closed","template":"","meta":{"_acf_changed":false,"footnotes":""},"class_list":["post-1131","page","type-page","status-publish","hentry"],"acf":[],"_links":{"self":[{"href":"https:\/\/tienda.360armonico.com\/index.php\/wp-json\/wp\/v2\/pages\/1131","targetHints":{"allow":["GET"]}}],"collection":[{"href":"https:\/\/tienda.360armonico.com\/index.php\/wp-json\/wp\/v2\/pages"}],"about":[{"href":"https:\/\/tienda.360armonico.com\/index.php\/wp-json\/wp\/v2\/types\/page"}],"author":[{"embeddable":true,"href":"https:\/\/tienda.360armonico.com\/index.php\/wp-json\/wp\/v2\/users\/1"}],"replies":[{"embeddable":true,"href":"https:\/\/tienda.360armonico.com\/index.php\/wp-json\/wp\/v2\/comments?post=1131"}],"version-history":[{"count":4,"href":"https:\/\/tienda.360armonico.com\/index.php\/wp-json\/wp\/v2\/pages\/1131\/revisions"}],"predecessor-version":[{"id":1135,"href":"https:\/\/tienda.360armonico.com\/index.php\/wp-json\/wp\/v2\/pages\/1131\/revisions\/1135"}],"wp:attachment":[{"href":"https:\/\/tienda.360armonico.com\/index.php\/wp-json\/wp\/v2\/media?parent=1131"}],"curies":[{"name":"wp","href":"https:\/\/api.w.org\/{rel}","templated":true}]}}